{"id":14667,"date":"2022-09-15T10:21:28","date_gmt":"2022-09-15T08:21:28","guid":{"rendered":"https:\/\/koike-europe.com\/home\/"},"modified":"2023-06-23T13:42:25","modified_gmt":"2023-06-23T11:42:25","slug":"home","status":"publish","type":"page","link":"https:\/\/koike-europe.com\/de\/","title":{"rendered":"Home"},"content":{"rendered":"<p>[et_pb_section fb_built=&#8220;1&#8243; custom_padding_last_edited=&#8220;on|tablet&#8220; next_background_color=&#8220;#ffffff&#8220; admin_label=&#8220;Hero&#8220; _builder_version=&#8220;4.18.0&#8243; background_video_mp4=&#8220;<a href=\"https:\/\/koike-europe.com\/wp-content\/uploads\/2022\/10\/WelcomeV720p.mp4&#038;#8243\">https:\/\/koike-europe.com\/wp-content\/uploads\/2022\/10\/WelcomeV720p.mp4&#038;#8243<\/a>; height=&#8220;500px&#8220; custom_margin=&#8220;15px||-76px||false|false&#8220; custom_padding=&#8220;0px|10%|0px|10%|true|true&#8220; custom_padding_tablet=&#8220;|30px||30px||true&#8220; custom_padding_phone=&#8220;|||||true&#8220; bottom_divider_style=&#8220;arrow&#8220; locked=&#8220;off&#8220; global_colors_info=&#8220;{}&#8220;][et_pb_row padding_top_bottom_link_1=&#8220;true&#8220; padding_left_right_link_1=&#8220;true&#8220; _builder_version=&#8220;4.18.0&#8243; background_size=&#8220;initial&#8220; background_position=&#8220;top_left&#8220; width=&#8220;100%&#8220; max_width=&#8220;100%&#8220; min_height=&#8220;300px&#8220; custom_margin=&#8220;0px||0px||true|false&#8220; custom_padding=&#8220;0||46px||false|false&#8220; use_custom_width=&#8220;on&#8220; width_unit=&#8220;off&#8220; custom_width_percent=&#8220;100%&#8220; global_colors_info=&#8220;{}&#8220;][et_pb_column type=&#8220;4_4&#8243; _builder_version=&#8220;4.18.0&#8243; background_color=&#8220;rgba(255,255,255,0)&#8220; custom_padding=&#8220;4vw|40px|7vw|40px|false|false&#8220; custom_padding_tablet=&#8220;|||&#8220; custom_padding_phone=&#8220;|10px||10px||true&#8220; custom_padding_last_edited=&#8220;on|desktop&#8220; global_colors_info=&#8220;{}&#8220; padding_phone=&#8220;|10px||10px||true&#8220; padding_tablet=&#8220;|||&#8220; padding_last_edited=&#8220;on|desktop&#8220; custom_padding__hover=&#8220;|||&#8220;][et_pb_text _builder_version=&#8220;4.17.3&#8243; text_font=&#8220;Lato||||||||&#8220; text_font_size=&#8220;20px&#8220; text_line_height=&#8220;1.8em&#8220; header_font=&#8220;Teko|500||on|||||&#8220; header_font_size=&#8220;9vw&#8220; header_letter_spacing=&#8220;0.05em&#8220; header_line_height=&#8220;0.9em&#8220; background_layout=&#8220;dark&#8220; custom_margin=&#8220;0px|-10vw|28px||false|false&#8220; custom_margin_tablet=&#8220;|0vw||&#8220; custom_margin_phone=&#8220;|-5vw||&#8220; custom_margin_last_edited=&#8220;on|tablet&#8220; custom_padding=&#8220;0px||||false|false&#8220; animation_style=&#8220;zoom&#8220; animation_duration=&#8220;400ms&#8220; animation_intensity_zoom=&#8220;10%&#8220; header_font_size_tablet=&#8220;&#8220; header_font_size_phone=&#8220;&#8220; header_font_size_last_edited=&#8220;on|phone&#8220; header_line_height_tablet=&#8220;&#8220; header_line_height_phone=&#8220;1.2em&#8220; header_line_height_last_edited=&#8220;on|phone&#8220; header_text_shadow_style=&#8220;preset1&#8243; header_text_shadow_vertical_length=&#8220;0.18em&#8220; header_text_shadow_blur_strength=&#8220;0.27em&#8220; header_text_shadow_color=&#8220;rgba(0,0,0,0.38)&#8220; global_colors_info=&#8220;{}&#8220;]<\/p>\n<h1>WILLKOMMEN BEI<\/h1>\n<h1>KOIKE EUROPE<\/h1>\n<p>[\/et_pb_text][\/et_pb_column][\/et_pb_row][\/et_pb_section][et_pb_section fb_built=&#8220;1&#8243; admin_label=&#8220;Listings&#8220; _builder_version=&#8220;4.18.0&#8243; min_height=&#8220;748px&#8220; custom_margin=&#8220;0px||-32px||false|false&#8220; custom_padding=&#8220;70px|0px|70px|0px|true|false&#8220; global_module=&#8220;14717&#8243; saved_tabs=&#8220;all&#8220; global_colors_info=&#8220;{}&#8220;][et_pb_row _builder_version=&#8220;4.17.3&#8243; _module_preset=&#8220;default&#8220; global_colors_info=&#8220;{}&#8220;][et_pb_column type=&#8220;4_4&#8243; _builder_version=&#8220;4.17.3&#8243; _module_preset=&#8220;default&#8220; global_colors_info=&#8220;{}&#8220;][et_pb_text _builder_version=&#8220;4.17.3&#8243; _module_preset=&#8220;default&#8220; global_colors_info=&#8220;{}&#8220;]<\/p>\n<p><span style=\"color: #000000;\"><strong>Willkommen in der Welt von Koike Europe. Koike ist der weltweit f\u00fchrende Hersteller der umfangreichsten Schneidproduktlinie f\u00fcr Autogen-, Plasma- und Laserschneidmaschinen. Mit mehr als 100 Jahren Erfahrung in der Branche beliefern wir viele f\u00fchrende Industriekunden, darunter Stahl-Service-Center, Werften, Hersteller von Schwermaschinenbau, Stahlbau, Kraftwerke, Offshore- und andere Metallindustrien.<\/strong><\/span><\/p>\n<p>[\/et_pb_text][\/et_pb_column][\/et_pb_row][et_pb_row column_structure=&#8220;1_4,1_4,1_4,1_4&#8243; _builder_version=&#8220;4.17.3&#8243; _module_preset=&#8220;default&#8220; global_colors_info=&#8220;{}&#8220;][et_pb_column type=&#8220;1_4&#8243; _builder_version=&#8220;4.17.3&#8243; _module_preset=&#8220;default&#8220; global_colors_info=&#8220;{}&#8220;][et_pb_blurb title=&#8220;CNC-Maschinen&#8220; image=&#8220;<a href=\"https:\/\/koike-europe.com\/wp-content\/uploads\/2022\/06\/1.PNC-12.png&#038;#8220\">https:\/\/koike-europe.com\/wp-content\/uploads\/2022\/06\/1.PNC-12.png&#038;#8220<\/a>; _builder_version=&#8220;4.17.3&#8243; _module_preset=&#8220;default&#8220; background_enable_image=&#8220;off&#8220; link_option_url=&#8220;<a href=\"https:\/\/koike-europe.com\/de\/cnc-maschinen\/&#038;#8220\">https:\/\/koike-europe.com\/de\/cnc-maschinen\/&#038;#8220<\/a>; global_colors_info=&#8220;{}&#8220;]<\/p>\n<p><span>KOIKE bietet drei Typen von CNC-Maschinen an, die f\u00fcr verschiedene Zwecke eingesetzt werden k\u00f6nnen. <\/span><\/p>\n<p>[\/et_pb_blurb][et_pb_button button_url=&#8220;<a href=\"https:\/\/koike-europe.com\/de\/cnc-maschinen\/&#038;#8220\">https:\/\/koike-europe.com\/de\/cnc-maschinen\/&#038;#8220<\/a>; button_text=&#8220;Hier Klicken&#8220; _builder_version=&#8220;4.17.3&#8243; _module_preset=&#8220;default&#8220; custom_button=&#8220;on&#8220; button_text_color=&#8220;#000000&#8243; button_border_width=&#8220;1px&#8220; button_border_color=&#8220;gcid-977341df-ce60-44ba-9229-e38434f300dd&#8220; button_border_radius=&#8220;0px&#8220; custom_margin=&#8220;|||37px|false|false&#8220; global_colors_info=&#8220;{%22gcid-977341df-ce60-44ba-9229-e38434f300dd%22:%91%22button_border_color%22%93}&#8220;][\/et_pb_button][\/et_pb_column][et_pb_column type=&#8220;1_4&#8243; _builder_version=&#8220;4.17.3&#8243; _module_preset=&#8220;default&#8220; global_colors_info=&#8220;{}&#8220;][et_pb_blurb title=&#8220;Tragbare Schneidmaschinen&#8220; image=&#8220;<a href=\"https:\/\/koike-europe.com\/wp-content\/uploads\/2022\/04\/Handy-Auto-Plus.png&#038;#8220\">https:\/\/koike-europe.com\/wp-content\/uploads\/2022\/04\/Handy-Auto-Plus.png&#038;#8220<\/a>; _builder_version=&#8220;4.17.3&#8243; _module_preset=&#8220;default&#8220; link_option_url=&#8220;<a href=\"https:\/\/koike-europe.com\/de\/tragbare-schneidmaschinen\/&#038;#8220\">https:\/\/koike-europe.com\/de\/tragbare-schneidmaschinen\/&#038;#8220<\/a>; global_colors_info=&#8220;{}&#8220;]<\/p>\n<p><span>KOIKE bietet eine breite Palette von tragbaren Schneidemaschinen, die f\u00fcr verschiedene Zwecke eingesetzt werden k\u00f6nnen.<\/span><\/p>\n<p>[\/et_pb_blurb][et_pb_button button_url=&#8220;<a href=\"https:\/\/koike-europe.com\/de\/tragbare-schneidmaschinen\/&#038;#8220\">https:\/\/koike-europe.com\/de\/tragbare-schneidmaschinen\/&#038;#8220<\/a>; button_text=&#8220;Hier Klicken&#8220; _builder_version=&#8220;4.17.3&#8243; _module_preset=&#8220;default&#8220; custom_button=&#8220;on&#8220; button_text_color=&#8220;#000000&#8243; button_border_width=&#8220;1px&#8220; button_border_color=&#8220;gcid-977341df-ce60-44ba-9229-e38434f300dd&#8220; button_border_radius=&#8220;0px&#8220; custom_margin=&#8220;|||37px|false|false&#8220; global_colors_info=&#8220;{%22gcid-977341df-ce60-44ba-9229-e38434f300dd%22:%91%22button_border_color%22%93}&#8220;][\/et_pb_button][\/et_pb_column][et_pb_column type=&#8220;1_4&#8243; _builder_version=&#8220;4.17.3&#8243; _module_preset=&#8220;default&#8220; global_colors_info=&#8220;{}&#8220;][et_pb_blurb title=&#8220;Tragbare Schweissenmaschinen&#8220; image=&#8220;<a href=\"https:\/\/koike-europe.com\/wp-content\/uploads\/2022\/07\/Well-Handy-Next-with-weaving-option.png&#038;#8220\">https:\/\/koike-europe.com\/wp-content\/uploads\/2022\/07\/Well-Handy-Next-with-weaving-option.png&#038;#8220<\/a>; _builder_version=&#8220;4.17.3&#8243; _module_preset=&#8220;default&#8220; link_option_url=&#8220;<a href=\"https:\/\/koike-europe.com\/de\/tragbare-maschinen-zum-schweissen\/&#038;#8220\">https:\/\/koike-europe.com\/de\/tragbare-maschinen-zum-schweissen\/&#038;#8220<\/a>; global_colors_info=&#8220;{}&#8220;]<\/p>\n<p><span>KOIKE bietet drei Typen von tragbare Schweissenmaschinen an, die f\u00fcr verschiedene Zwecke verwendet werden k\u00f6nnen. <\/span><\/p>\n<p>[\/et_pb_blurb][et_pb_button button_url=&#8220;<a href=\"https:\/\/koike-europe.com\/de\/tragbare-maschinen-zum-schweissen\/&#038;#8220\">https:\/\/koike-europe.com\/de\/tragbare-maschinen-zum-schweissen\/&#038;#8220<\/a>; button_text=&#8220;Hier Klicken&#8220; _builder_version=&#8220;4.17.3&#8243; _module_preset=&#8220;default&#8220; custom_button=&#8220;on&#8220; button_text_color=&#8220;#000000&#8243; button_border_width=&#8220;1px&#8220; button_border_color=&#8220;gcid-977341df-ce60-44ba-9229-e38434f300dd&#8220; button_border_radius=&#8220;0px&#8220; custom_margin=&#8220;|||37px|false|false&#8220; hover_enabled=&#8220;0&#8243; global_colors_info=&#8220;{%22gcid-977341df-ce60-44ba-9229-e38434f300dd%22:%91%22button_border_color%22%93}&#8220; sticky_enabled=&#8220;0&#8243;][\/et_pb_button][\/et_pb_column][et_pb_column type=&#8220;1_4&#8243; _builder_version=&#8220;4.17.3&#8243; _module_preset=&#8220;default&#8220; global_colors_info=&#8220;{}&#8220;][et_pb_blurb title=&#8220;Service&#8220; image=&#8220;<a href=\"https:\/\/koike-europe.com\/wp-content\/uploads\/2022\/03\/Service-Koike_0030-blur.jpg&#038;#8220\">https:\/\/koike-europe.com\/wp-content\/uploads\/2022\/03\/Service-Koike_0030-blur.jpg&#038;#8220<\/a>; _builder_version=&#8220;4.17.3&#8243; _module_preset=&#8220;default&#8220; link_option_url=&#8220;<a href=\"https:\/\/koike-europe.com\/de\/dienst\/&#038;#8220\">https:\/\/koike-europe.com\/de\/dienst\/&#038;#8220<\/a>; global_colors_info=&#8220;{}&#8220;]<\/p>\n<p><span>Der Kunde geht vor! Der Service und Support f\u00fcr unsere Kunden steht bei KOIKE immer im Vordergrund.<\/span><\/p>\n<p>[\/et_pb_blurb][et_pb_button button_url=&#8220;<a href=\"https:\/\/koike-europe.com\/de\/dienst\/&#038;#8220\">https:\/\/koike-europe.com\/de\/dienst\/&#038;#8220<\/a>; button_text=&#8220;Hier Klicken&#8220; _builder_version=&#8220;4.17.3&#8243; _module_preset=&#8220;default&#8220; custom_button=&#8220;on&#8220; button_text_color=&#8220;#000000&#8243; button_border_width=&#8220;1px&#8220; button_border_color=&#8220;gcid-977341df-ce60-44ba-9229-e38434f300dd&#8220; button_border_radius=&#8220;0px&#8220; custom_margin=&#8220;|||37px|false|false&#8220; global_colors_info=&#8220;{%22gcid-977341df-ce60-44ba-9229-e38434f300dd%22:%91%22button_border_color%22%93}&#8220;][\/et_pb_button][\/et_pb_column][\/et_pb_row][\/et_pb_section][et_pb_section fb_built=&#8220;1&#8243; specialty=&#8220;on&#8220; _builder_version=&#8220;4.17.3&#8243; _module_preset=&#8220;default&#8220; custom_padding=&#8220;||45px|||&#8220; border_width_top=&#8220;1px&#8220; border_width_bottom=&#8220;1px&#8220; global_colors_info=&#8220;{}&#8220;][et_pb_column type=&#8220;1_4&#8243; _builder_version=&#8220;4.16&#8243; custom_padding=&#8220;|||&#8220; global_colors_info=&#8220;{}&#8220; custom_padding__hover=&#8220;|||&#8220;][et_pb_blurb title=&#8220;KOIKE KOMBINIERT FORTSCHRITTLICHE TECHNOLOGIE MIT KUNDENBED\u00dcRFNISSEN&#8220; image=&#8220;<a href=\"https:\/\/koike-europe.com\/wp-content\/uploads\/2022\/01\/Koike-Logo-Horizontal-type.png&#038;#8220\">https:\/\/koike-europe.com\/wp-content\/uploads\/2022\/01\/Koike-Logo-Horizontal-type.png&#038;#8220<\/a>; image_icon_width=&#8220;38%&#8220; icon_alignment=&#8220;left&#8220; _builder_version=&#8220;4.17.3&#8243; _module_preset=&#8220;default&#8220; min_height=&#8220;338.3px&#8220; custom_margin=&#8220;-81px|-31px|-46px|-117px|false|false&#8220; custom_padding=&#8220;6px|0px|15px|14px|false|false&#8220; global_colors_info=&#8220;{}&#8220;]<\/p>\n<p><span>Fortschrittliche Technologie<\/span> <span>kombiniert mit<\/span> <span>pers\u00f6nlichen<\/span> <span>Beziehungen<\/span> <span>und einem tiefen<\/span> <span>Verst\u00e4ndnis<\/span> <span>der<\/span> <span>Kundenbed\u00fcrfnisse<\/span> <span>im Bereich<\/span> <span>Schneiden<\/span> <span>\u2013<\/span> <span>daf\u00fcr<\/span> <span>steht<\/span> <span>Koike<\/span> als japanischer Hersteller von Autogen-, Plasma- und Laserschneidtechnologie. <span>Unser Kundenstamm besteht aus<\/span> <span>Unternehmen<\/span>, die <span>im Schiffbau<\/span> und Stahlbau <span>t\u00e4tig<\/span> sind, <span>Kraftfahrzeuge,<\/span> <span>Maschinen und Anlagen<\/span> <span>und<\/span> andere Metalle <span>Branchen<\/span>. <span>Sie alle<\/span> <span>vertrauen auf die mehr als<\/span> <span>100<\/span><span>-j\u00e4hrige Erfahrung von Koike beim Schneiden<\/span>  <\/p>\n<p>[\/et_pb_blurb][\/et_pb_column][et_pb_column type=&#8220;3_4&#8243; specialty_columns=&#8220;3&#8243; _builder_version=&#8220;4.16&#8243; custom_padding=&#8220;|||&#8220; global_colors_info=&#8220;{}&#8220; custom_padding__hover=&#8220;|||&#8220;][et_pb_row_inner column_structure=&#8220;1_2,1_2&#8243; _builder_version=&#8220;4.17.3&#8243; _module_preset=&#8220;default&#8220; module_alignment=&#8220;center&#8220; custom_margin=&#8220;0px|16px||-3px|false|false&#8220; custom_padding=&#8220;33px|0px|25px|0px|false|false&#8220; global_colors_info=&#8220;{}&#8220;][et_pb_column_inner type=&#8220;1_2&#8243; saved_specialty_column_type=&#8220;3_4&#8243; _builder_version=&#8220;4.17.3&#8243; _module_preset=&#8220;default&#8220; custom_padding=&#8220;|0px||18px|false|false&#8220; border_width_left=&#8220;1px&#8220; global_colors_info=&#8220;{}&#8220;][et_pb_toggle title=&#8220;Finden Sie Ihren H\u00e4ndler&#8220; _builder_version=&#8220;4.17.3&#8243; _module_preset=&#8220;default&#8220; link_option_url=&#8220;<a href=\"https:\/\/koike-europe.com\/dealer-locator\/&#038;#8220\">https:\/\/koike-europe.com\/dealer-locator\/&#038;#8220<\/a>; global_colors_info=&#8220;{}&#8220;][\/et_pb_toggle][et_pb_toggle title=&#8220;Katalog&#8220; _builder_version=&#8220;4.18.0&#8243; _module_preset=&#8220;default&#8220; hover_enabled=&#8220;0&#8243; global_colors_info=&#8220;{}&#8220; sticky_enabled=&#8220;0&#8243;]<\/p>\n<p><a href=\"https:\/\/koike-europe.com\/wp-content\/uploads\/2023\/05\/Portable-Catalogue-02-23-WEB.pdf\" target=\"_blank\" rel=\"noopener\">Englisch<\/a><br \/><a href=\"https:\/\/koike-europe.com\/wp-content\/uploads\/2023\/05\/KO-Brochure-Portable-DE-25-05-23-1.pdf\" target=\"_blank\" rel=\"noopener\">Deutsch<\/a><br \/><a href=\"https:\/\/koike-europe.com\/wp-content\/uploads\/2023\/05\/Portable-brochure-2023-NL.pdf\" target=\"_blank\" rel=\"noopener\">Niederl\u00e4ndisch<\/a><br \/><a href=\"https:\/\/koike-europe.com\/wp-content\/uploads\/2022\/09\/KO-portable-brochure-FR-web.pdf\">Franz\u00f6sisch<\/a><br \/><a href=\"https:\/\/koike-europe.com\/wp-content\/uploads\/2023\/05\/KO-portable-brochure-IT-2023-WEB.pdf\" target=\"_blank\" rel=\"noopener\">Italienisch<\/a><\/p>\n<p>[\/et_pb_toggle][et_pb_toggle title=&#8220;Terms &amp; Conditions&#8220; _builder_version=&#8220;4.17.3&#8243; _module_preset=&#8220;default&#8220; width=&#8220;100%&#8220; global_colors_info=&#8220;{}&#8220;]<\/p>\n<p><a href=\"https:\/\/koike-europe.com\/wp-content\/uploads\/2022\/09\/Metaalunievoorwaarden-2019-Engels.pdf\">Englisch<\/a><br \/><a href=\"https:\/\/koike-europe.com\/wp-content\/uploads\/2022\/09\/Metaalunievoorwaarden-2019-Duits.pdf\">Deutsch<\/a><br \/><a href=\"https:\/\/koike-europe.com\/wp-content\/uploads\/2022\/09\/Metaalunievoorwaarden-2019-Nederlands-1.pdf\">Niederl\u00e4ndisch<\/a><br \/><a href=\"https:\/\/koike-europe.com\/wp-content\/uploads\/2022\/09\/Metaalunievoorwaarden-2019-Frans.pdf\">Franz\u00f6sisch<\/a><br \/><a href=\"https:\/\/koike-europe.com\/wp-content\/uploads\/2022\/09\/Metaalunievoorwaarden-2019-Spaans-1.pdf\">Spanisch<\/a><\/p>\n<p>[\/et_pb_toggle][\/et_pb_column_inner][et_pb_column_inner type=&#8220;1_2&#8243; saved_specialty_column_type=&#8220;3_4&#8243; _builder_version=&#8220;4.17.3&#8243; _module_preset=&#8220;default&#8220; global_colors_info=&#8220;{}&#8220;][et_pb_text _builder_version=&#8220;4.17.3&#8243; _module_preset=&#8220;default&#8220; width=&#8220;100%&#8220; border_width_left=&#8220;1px&#8220; global_colors_info=&#8220;{}&#8220;]<\/p>\n<p style=\"padding-left: 40px;\"><strong>KOIKE Europe B.V.<\/strong><\/p>\n<p style=\"padding-left: 40px;\">Grote Tocht 19<br \/>1507 CG Zaandam<br \/>The Netherlands<\/p>\n<p style=\"padding-left: 40px;\">T: +31 (0)75 612 72 27<br \/>E: <a href=\"mailto:info@koike-europe.com\">info@koike-europe.com<\/a><\/p>\n<p style=\"padding-left: 40px;\"><a href=\"https:\/\/www.linkedin.com\/company\/koike-europe-bv\"><img data-recalc-dims=\"1\" loading=\"lazy\" decoding=\"async\" src=\"https:\/\/i0.wp.com\/koike-europe.com\/wp-content\/uploads\/2022\/09\/LinkedIn-Logo.jpg?resize=43%2C44&#038;ssl=1\" width=\"43\" height=\"44\" alt=\"\" class=\"wp-image-9792 alignnone size-full\"><\/a> <a href=\"https:\/\/nl-nl.facebook.com\/KoikeEurope\/\"><img data-recalc-dims=\"1\" loading=\"lazy\" decoding=\"async\" src=\"https:\/\/i0.wp.com\/koike-europe.com\/wp-content\/uploads\/2022\/09\/Facebook-Logo.jpg?resize=44%2C43&#038;ssl=1\" width=\"44\" height=\"43\" alt=\"\" class=\"wp-image-9791 alignnone size-full\"><\/a><\/p>\n<p>[\/et_pb_text][\/et_pb_column_inner][\/et_pb_row_inner][\/et_pb_column][\/et_pb_section]<\/p>\n","protected":false},"excerpt":{"rendered":"<p>WILLKOMMEN BEI KOIKE EUROPEWillkommen in der Welt von Koike Europe. Koike ist der weltweit f\u00fchrende Hersteller der umfangreichsten Schneidproduktlinie f\u00fcr Autogen-, Plasma- und Laserschneidmaschinen. Mit mehr als 100 Jahren Erfahrung in der Branche beliefern wir viele f\u00fchrende Industriekunden, darunter Stahl-Service-Center, Werften, Hersteller von Schwermaschinenbau, Stahlbau, Kraftwerke, Offshore- und andere Metallindustrien.KOIKE bietet drei Typen von CNC-Maschinen [&hellip;]<\/p>\n","protected":false},"author":216407903,"featured_media":0,"parent":0,"menu_order":0,"comment_status":"closed","ping_status":"closed","template":"","meta":{"_et_pb_use_builder":"on","_et_pb_old_content":"","_et_gb_content_width":"","advanced_seo_description":"","jetpack_seo_html_title":"","jetpack_seo_noindex":false,"jetpack_post_was_ever_published":false,"footnotes":""},"class_list":["post-14667","page","type-page","status-publish","hentry"],"jetpack_likes_enabled":true,"jetpack_sharing_enabled":true,"jetpack_shortlink":"https:\/\/wp.me\/PdFXf2-3Oz","_links":{"self":[{"href":"https:\/\/koike-europe.com\/de\/wp-json\/wp\/v2\/pages\/14667","targetHints":{"allow":["GET"]}}],"collection":[{"href":"https:\/\/koike-europe.com\/de\/wp-json\/wp\/v2\/pages"}],"about":[{"href":"https:\/\/koike-europe.com\/de\/wp-json\/wp\/v2\/types\/page"}],"author":[{"embeddable":true,"href":"https:\/\/koike-europe.com\/de\/wp-json\/wp\/v2\/users\/216407903"}],"replies":[{"embeddable":true,"href":"https:\/\/koike-europe.com\/de\/wp-json\/wp\/v2\/comments?post=14667"}],"version-history":[{"count":20,"href":"https:\/\/koike-europe.com\/de\/wp-json\/wp\/v2\/pages\/14667\/revisions"}],"predecessor-version":[{"id":16194,"href":"https:\/\/koike-europe.com\/de\/wp-json\/wp\/v2\/pages\/14667\/revisions\/16194"}],"wp:attachment":[{"href":"https:\/\/koike-europe.com\/de\/wp-json\/wp\/v2\/media?parent=14667"}],"curies":[{"name":"wp","href":"https:\/\/api.w.org\/{rel}","templated":true}]}}