{"id":15134,"date":"2022-03-15T09:38:07","date_gmt":"2022-03-15T08:38:07","guid":{"rendered":"https:\/\/koike-europe.com\/cnc-maschinen\/"},"modified":"2023-06-23T13:47:48","modified_gmt":"2023-06-23T11:47:48","slug":"cnc-maschinen","status":"publish","type":"page","link":"https:\/\/koike-europe.com\/de\/cnc-maschinen\/","title":{"rendered":"CNC-Maschinen"},"content":{"rendered":"<p>[et_pb_section fb_built=&#8220;1&#8243; custom_padding_last_edited=&#8220;on|tablet&#8220; next_background_color=&#8220;#ffffff&#8220; admin_label=&#8220;Hero&#8220; _builder_version=&#8220;4.17.3&#8243; background_image=&#8220;<a href=\"https:\/\/koike-europe.com\/wp-content\/uploads\/2022\/01\/cropped-dsc_2352.jpg&#038;#8220\">https:\/\/koike-europe.com\/wp-content\/uploads\/2022\/01\/cropped-dsc_2352.jpg&#038;#8220<\/a>; background_enable_image=&#8220;on&#8220; height=&#8220;500px&#8220; custom_margin=&#8220;0px||-76px|||&#8220; custom_padding=&#8220;0px|10%|0px|10%|true|true&#8220; custom_padding_tablet=&#8220;|30px||30px||true&#8220; custom_padding_phone=&#8220;|||||true&#8220; bottom_divider_style=&#8220;arrow&#8220; locked=&#8220;off&#8220; global_colors_info=&#8220;{}&#8220;][et_pb_row padding_top_bottom_link_1=&#8220;true&#8220; padding_left_right_link_1=&#8220;true&#8220; _builder_version=&#8220;4.17.3&#8243; background_size=&#8220;initial&#8220; background_position=&#8220;top_left&#8220; width=&#8220;100%&#8220; max_width=&#8220;100%&#8220; min_height=&#8220;300px&#8220; custom_margin=&#8220;0px||0px||true|false&#8220; custom_padding=&#8220;0||46px||false|false&#8220; use_custom_width=&#8220;on&#8220; width_unit=&#8220;off&#8220; custom_width_percent=&#8220;100%&#8220; global_colors_info=&#8220;{}&#8220;][et_pb_column type=&#8220;4_4&#8243; _builder_version=&#8220;4.16&#8243; use_background_color_gradient=&#8220;on&#8220; background_color_gradient_stops=&#8220;rgba(0,0,0,0.33) 0%|rgba(255,255,255,0) 100%&#8220; background_color_gradient_start=&#8220;rgba(0,0,0,0.33)&#8220; background_color_gradient_end=&#8220;rgba(255,255,255,0)&#8220; custom_padding=&#8220;12vw|40px|12vw|40px&#8220; custom_padding_tablet=&#8220;|||&#8220; custom_padding_phone=&#8220;|10px||10px||true&#8220; custom_padding_last_edited=&#8220;on|desktop&#8220; global_colors_info=&#8220;{}&#8220; padding_phone=&#8220;|10px||10px||true&#8220; padding_tablet=&#8220;|||&#8220; padding_last_edited=&#8220;on|desktop&#8220; custom_padding__hover=&#8220;|||&#8220;][et_pb_text _builder_version=&#8220;4.17.3&#8243; text_font=&#8220;Lato||||||||&#8220; text_font_size=&#8220;20px&#8220; text_line_height=&#8220;1.8em&#8220; header_font=&#8220;Teko|500||on|||||&#8220; header_font_size=&#8220;9vw&#8220; header_letter_spacing=&#8220;0.05em&#8220; header_line_height=&#8220;0.9em&#8220; background_layout=&#8220;dark&#8220; custom_margin=&#8220;-125px|-10vw|0px||false|false&#8220; custom_margin_tablet=&#8220;|0vw||&#8220; custom_margin_phone=&#8220;|-5vw||&#8220; custom_margin_last_edited=&#8220;on|tablet&#8220; custom_padding=&#8220;0px||||false|false&#8220; animation_style=&#8220;zoom&#8220; animation_duration=&#8220;400ms&#8220; animation_intensity_zoom=&#8220;10%&#8220; header_font_size_tablet=&#8220;&#8220; header_font_size_phone=&#8220;&#8220; header_font_size_last_edited=&#8220;on|phone&#8220; header_line_height_tablet=&#8220;&#8220; header_line_height_phone=&#8220;1.2em&#8220; header_line_height_last_edited=&#8220;on|phone&#8220; header_text_shadow_style=&#8220;preset1&#8243; header_text_shadow_vertical_length=&#8220;0.18em&#8220; header_text_shadow_blur_strength=&#8220;0.27em&#8220; header_text_shadow_color=&#8220;rgba(0,0,0,0.38)&#8220; global_colors_info=&#8220;{}&#8220;]<\/p>\n<h1>CNC MASCHINEN<\/h1>\n<p>[\/et_pb_text][et_pb_text _builder_version=&#8220;4.16.0&#8243; text_font=&#8220;Lato||||||||&#8220; text_font_size=&#8220;20px&#8220; text_line_height=&#8220;1.8em&#8220; header_font=&#8220;||||||||&#8220; background_layout=&#8220;dark&#8220; custom_margin=&#8220;|-10vw||10vw&#8220; custom_margin_tablet=&#8220;|0vw||0px&#8220; custom_margin_phone=&#8220;&#8220; custom_margin_last_edited=&#8220;on|desktop&#8220; animation_style=&#8220;slide&#8220; animation_direction=&#8220;left&#8220; animation_intensity_slide=&#8220;10%&#8220; locked=&#8220;off&#8220; global_colors_info=&#8220;{}&#8220;]<\/p>\n<p>KOIKE bietet drei Typen von CNC-Maschinen an, die f\u00fcr unterschiedliche Zwecke eingesetzt werden k\u00f6nnen. Die Maschinen sind sowohl f\u00fcr Autogen- als auch f\u00fcr Plasmaschneiden erh\u00e4ltlich.<\/p>\n<p>[\/et_pb_text][\/et_pb_column][\/et_pb_row][\/et_pb_section][et_pb_section fb_built=&#8220;1&#8243; admin_label=&#8220;Listings&#8220; _builder_version=&#8220;4.17.3&#8243; min_height=&#8220;1478.8px&#8220; custom_margin=&#8220;0px||-32px||false|false&#8220; custom_padding=&#8220;125px|0px|125px|0px|true|false&#8220; global_colors_info=&#8220;{}&#8220;][et_pb_row column_structure=&#8220;1_2,1_2&#8243; _builder_version=&#8220;4.17.3&#8243; use_background_color_gradient=&#8220;on&#8220; background_color_gradient_stops=&#8220;#ffffff 0%|#f7f7f7 100%&#8220; background_color_gradient_start=&#8220;#ffffff&#8220; background_color_gradient_end=&#8220;#f7f7f7&#8243; custom_margin=&#8220;||40px|&#8220; custom_padding=&#8220;27px|0px|0|0px|false|false&#8220; border_radii=&#8220;on|2px|2px|2px|2px&#8220; border_width_all=&#8220;1px&#8220; global_colors_info=&#8220;{}&#8220;][et_pb_column type=&#8220;1_2&#8243; _builder_version=&#8220;4.16&#8243; custom_padding=&#8220;|||&#8220; global_colors_info=&#8220;{}&#8220; custom_padding__hover=&#8220;|||&#8220;][et_pb_image src=&#8220;<a href=\"https:\/\/koike-europe.com\/wp-content\/uploads\/2022\/01\/shoppro-cut-out.jpg&#038;#8220\">https:\/\/koike-europe.com\/wp-content\/uploads\/2022\/01\/shoppro-cut-out.jpg&#038;#8220<\/a>; title_text=&#8220;ShopPro cut out&#8220; show_in_lightbox=&#8220;on&#8220; use_overlay=&#8220;on&#8220; overlay_icon_color=&#8220;#c10f1b&#8220; hover_overlay_color=&#8220;rgba(0,0,0,0.3)&#8220; align_tablet=&#8220;center&#8220; align_phone=&#8220;center&#8220; align_last_edited=&#8220;on|desktop&#8220; _builder_version=&#8220;4.16&#8243; custom_margin=&#8220;||0px|&#8220; global_colors_info=&#8220;{}&#8220;][\/et_pb_image][\/et_pb_column][et_pb_column type=&#8220;1_2&#8243; _builder_version=&#8220;4.16&#8243; custom_padding=&#8220;|||&#8220; global_colors_info=&#8220;{}&#8220; custom_padding__hover=&#8220;|||&#8220;][et_pb_text ul_type=&#8220;square&#8220; admin_label=&#8220;Title&#8220; _builder_version=&#8220;4.16&#8243; text_font=&#8220;Lato||||||||&#8220; text_font_size=&#8220;16px&#8220; text_line_height=&#8220;2em&#8220; ul_font=&#8220;||||||||&#8220; header_font=&#8220;||||||||&#8220; header_3_font=&#8220;Teko|500|||||||&#8220; header_3_font_size=&#8220;26px&#8220; header_3_line_height=&#8220;1.2em&#8220; header_4_font=&#8220;||||||||&#8220; custom_margin=&#8220;||0px|&#8220; custom_padding=&#8220;|30px||||&#8220; locked=&#8220;off&#8220; global_colors_info=&#8220;{}&#8220;]<\/p>\n<h3>ShopPro<\/h3>\n<ul>\n<li>Einzigartiges Design<\/li>\n<li>Starr verschwei\u00dfte Schneidtischrahmenkonstruktion<\/li>\n<li>Doppelantrieb mit Pr\u00e4zisions-Linearf\u00fchrung und schr\u00e4gverzahnten Zahnstangen<\/li>\n<li>All-in-One-CNC-Steuerung mit gro\u00dfem Bildschirm<\/li>\n<\/ul>\n<p>[\/et_pb_text][et_pb_button button_url=&#8220;<a href=\"https:\/\/koike-europe.com\/de\/shoppro\/&#038;#8220\">https:\/\/koike-europe.com\/de\/shoppro\/&#038;#8220<\/a>; button_text=&#8220;WEITERLESEN&#8220; _builder_version=&#8220;4.17.3&#8243; custom_button=&#8220;on&#8220; button_text_size=&#8220;14px&#8220; button_text_color=&#8220;#000000&#8243; button_bg_color=&#8220;#e8e8e8&#8243; button_border_width=&#8220;7px&#8220; button_border_color=&#8220;#e8e8e8&#8243; button_border_radius=&#8220;0px&#8220; button_letter_spacing=&#8220;4px&#8220; button_font=&#8220;Teko|||on|||||&#8220; button_icon=&#8220;&#x24;||divi||400&#8243; background_layout=&#8220;dark&#8220; custom_margin=&#8220;|||&#8220; animation_style=&#8220;slide&#8220; animation_direction=&#8220;left&#8220; animation_delay=&#8220;100ms&#8220; animation_intensity_slide=&#8220;20%&#8220; locked=&#8220;off&#8220; global_colors_info=&#8220;{}&#8220; button_text_size__hover_enabled=&#8220;off&#8220; button_one_text_size__hover_enabled=&#8220;off&#8220; button_two_text_size__hover_enabled=&#8220;off&#8220; button_text_color__hover_enabled=&#8220;off&#8220; button_one_text_color__hover_enabled=&#8220;off&#8220; button_two_text_color__hover_enabled=&#8220;off&#8220; button_border_width__hover_enabled=&#8220;off&#8220; button_one_border_width__hover_enabled=&#8220;off&#8220; button_two_border_width__hover_enabled=&#8220;off&#8220; button_border_color__hover_enabled=&#8220;off&#8220; button_one_border_color__hover_enabled=&#8220;off&#8220; button_two_border_color__hover_enabled=&#8220;off&#8220; button_border_radius__hover_enabled=&#8220;off&#8220; button_one_border_radius__hover_enabled=&#8220;off&#8220; button_two_border_radius__hover_enabled=&#8220;off&#8220; button_letter_spacing__hover_enabled=&#8220;off&#8220; button_one_letter_spacing__hover_enabled=&#8220;off&#8220; button_two_letter_spacing__hover_enabled=&#8220;off&#8220; button_bg_color__hover_enabled=&#8220;off&#8220; button_one_bg_color__hover_enabled=&#8220;off&#8220; button_two_bg_color__hover_enabled=&#8220;off&#8220;][\/et_pb_button][\/et_pb_column][\/et_pb_row][et_pb_row column_structure=&#8220;1_2,1_2&#8243; _builder_version=&#8220;4.17.3&#8243; use_background_color_gradient=&#8220;on&#8220; background_color_gradient_stops=&#8220;#ffffff 0%|#f7f7f7 100%&#8220; background_color_gradient_start=&#8220;#ffffff&#8220; background_color_gradient_end=&#8220;#f7f7f7&#8243; custom_margin=&#8220;||40px|&#8220; custom_padding=&#8220;27px|0px|0|0px|false|false&#8220; border_radii=&#8220;on|2px|2px|2px|2px&#8220; border_width_all=&#8220;1px&#8220; global_colors_info=&#8220;{}&#8220;][et_pb_column type=&#8220;1_2&#8243; _builder_version=&#8220;4.16&#8243; custom_padding=&#8220;|||&#8220; global_colors_info=&#8220;{}&#8220; custom_padding__hover=&#8220;|||&#8220;][et_pb_image src=&#8220;<a href=\"https:\/\/koike-europe.com\/wp-content\/uploads\/2022\/03\/PNC-12-598-x-486.jpg&#038;#8220\">https:\/\/koike-europe.com\/wp-content\/uploads\/2022\/03\/PNC-12-598-x-486.jpg&#038;#8220<\/a>; alt=&#8220;PNC-12 EXTREME&#8220; title_text=&#8220;PNC 12 598 x 486&#8243; show_in_lightbox=&#8220;on&#8220; use_overlay=&#8220;on&#8220; overlay_icon_color=&#8220;#c10f1b&#8220; hover_overlay_color=&#8220;rgba(0,0,0,0.3)&#8220; align_tablet=&#8220;center&#8220; align_phone=&#8220;center&#8220; align_last_edited=&#8220;on|desktop&#8220; _builder_version=&#8220;4.16&#8243; custom_margin=&#8220;||0px|&#8220; global_colors_info=&#8220;{}&#8220;][\/et_pb_image][\/et_pb_column][et_pb_column type=&#8220;1_2&#8243; _builder_version=&#8220;4.16&#8243; custom_padding=&#8220;|||&#8220; global_colors_info=&#8220;{}&#8220; custom_padding__hover=&#8220;|||&#8220;][et_pb_text ul_type=&#8220;square&#8220; admin_label=&#8220;Title&#8220; _builder_version=&#8220;4.16.0&#8243; text_font=&#8220;Lato||||||||&#8220; text_font_size=&#8220;16px&#8220; text_line_height=&#8220;2em&#8220; ul_font=&#8220;||||||||&#8220; header_font=&#8220;||||||||&#8220; header_3_font=&#8220;Teko|500|||||||&#8220; header_3_font_size=&#8220;26px&#8220; header_3_line_height=&#8220;1.2em&#8220; header_4_font=&#8220;||||||||&#8220; width=&#8220;117.4%&#8220; custom_margin=&#8220;|-12px|0px|||&#8220; custom_padding=&#8220;|84px||||&#8220; locked=&#8220;off&#8220; global_colors_info=&#8220;{}&#8220;]<\/p>\n<h3>PNC-12 EXTREME<\/h3>\n<ul>\n<li><span>Ideal f\u00fcr alle Kunden, die eine einfache CNC-Schneidel\u00f6sung suchen<\/span><\/li>\n<li><span>Plug and Cut &#8211; minimale Installationszeit<\/span><\/li>\n<li><span>Leichter und einfacher CNC-Betrieb mit vorinstallierten Formschablonen<\/span><\/li>\n<li><span>Sowohl f\u00fcr Autogen- als auch f\u00fcr Plasmaschneiden geeignet<\/span><\/li>\n<li><span>Kompatibel mit den meisten auf dem Markt erh\u00e4ltlichen Luftplasmasystemen<\/span><\/li>\n<li><span>Wird standardm\u00e4\u00dfig mit Koikes ber\u00fchmten Hochgeschwindigkeits-Schneidd\u00fcsen vom Typ D7 und CAD\/CAM-Software geliefert<\/span><\/li>\n<\/ul>\n<p>[\/et_pb_text][et_pb_button button_url=&#8220;<a href=\"https:\/\/koike-europe.com\/de\/pnc-12-extreme\/&#038;#8220\">https:\/\/koike-europe.com\/de\/pnc-12-extreme\/&#038;#8220<\/a>; button_text=&#8220;WEITERLESEN&#8220; _builder_version=&#8220;4.17.3&#8243; custom_button=&#8220;on&#8220; button_text_size=&#8220;14px&#8220; button_text_color=&#8220;#000000&#8243; button_bg_color=&#8220;#e8e8e8&#8243; button_border_width=&#8220;7px&#8220; button_border_color=&#8220;#e8e8e8&#8243; button_border_radius=&#8220;0px&#8220; button_letter_spacing=&#8220;4px&#8220; button_font=&#8220;Teko|||on|||||&#8220; button_icon=&#8220;&#x24;||divi||400&#8243; background_layout=&#8220;dark&#8220; custom_margin=&#8220;|||&#8220; animation_style=&#8220;slide&#8220; animation_direction=&#8220;left&#8220; animation_delay=&#8220;100ms&#8220; animation_intensity_slide=&#8220;20%&#8220; locked=&#8220;off&#8220; global_colors_info=&#8220;{}&#8220; button_text_size__hover_enabled=&#8220;off&#8220; button_one_text_size__hover_enabled=&#8220;off&#8220; button_two_text_size__hover_enabled=&#8220;off&#8220; button_text_color__hover_enabled=&#8220;off&#8220; button_one_text_color__hover_enabled=&#8220;off&#8220; button_two_text_color__hover_enabled=&#8220;off&#8220; button_border_width__hover_enabled=&#8220;off&#8220; button_one_border_width__hover_enabled=&#8220;off&#8220; button_two_border_width__hover_enabled=&#8220;off&#8220; button_border_color__hover_enabled=&#8220;off&#8220; button_one_border_color__hover_enabled=&#8220;off&#8220; button_two_border_color__hover_enabled=&#8220;off&#8220; button_border_radius__hover_enabled=&#8220;off&#8220; button_one_border_radius__hover_enabled=&#8220;off&#8220; button_two_border_radius__hover_enabled=&#8220;off&#8220; button_letter_spacing__hover_enabled=&#8220;off&#8220; button_one_letter_spacing__hover_enabled=&#8220;off&#8220; button_two_letter_spacing__hover_enabled=&#8220;off&#8220; button_bg_color__hover_enabled=&#8220;off&#8220; button_one_bg_color__hover_enabled=&#8220;off&#8220; button_two_bg_color__hover_enabled=&#8220;off&#8220;][\/et_pb_button][\/et_pb_column][\/et_pb_row][et_pb_row column_structure=&#8220;1_2,1_2&#8243; _builder_version=&#8220;4.17.3&#8243; use_background_color_gradient=&#8220;on&#8220; background_color_gradient_stops=&#8220;#ffffff 0%|#f7f7f7 100%&#8220; background_color_gradient_start=&#8220;#ffffff&#8220; background_color_gradient_end=&#8220;#f7f7f7&#8243; custom_margin=&#8220;||-30px||false|false&#8220; custom_padding=&#8220;27px|0px|0|0px|false|false&#8220; border_radii=&#8220;on|2px|2px|2px|2px&#8220; border_width_all=&#8220;1px&#8220; global_colors_info=&#8220;{}&#8220;][et_pb_column type=&#8220;1_2&#8243; _builder_version=&#8220;4.16&#8243; custom_padding=&#8220;|||&#8220; global_colors_info=&#8220;{}&#8220; custom_padding__hover=&#8220;|||&#8220;][et_pb_image src=&#8220;<a href=\"https:\/\/koike-europe.com\/wp-content\/uploads\/2022\/02\/PNC-pipe-598-x-430.jpg&#038;#8220\">https:\/\/koike-europe.com\/wp-content\/uploads\/2022\/02\/PNC-pipe-598-x-430.jpg&#038;#8220<\/a>; title_text=&#8220;PNC pipe 598 x 430&#8243; show_in_lightbox=&#8220;on&#8220; use_overlay=&#8220;on&#8220; overlay_icon_color=&#8220;#c10f1b&#8220; hover_overlay_color=&#8220;rgba(0,0,0,0.3)&#8220; align_tablet=&#8220;center&#8220; align_phone=&#8220;center&#8220; align_last_edited=&#8220;on|desktop&#8220; _builder_version=&#8220;4.16&#8243; custom_margin=&#8220;||0px|&#8220; global_colors_info=&#8220;{}&#8220;][\/et_pb_image][\/et_pb_column][et_pb_column type=&#8220;1_2&#8243; _builder_version=&#8220;4.16&#8243; custom_padding=&#8220;|||&#8220; global_colors_info=&#8220;{}&#8220; custom_padding__hover=&#8220;|||&#8220;][et_pb_text ul_type=&#8220;square&#8220; admin_label=&#8220;Title&#8220; _builder_version=&#8220;4.16&#8243; text_font=&#8220;Lato||||||||&#8220; text_font_size=&#8220;16px&#8220; text_line_height=&#8220;2em&#8220; ul_font=&#8220;||||||||&#8220; header_font=&#8220;||||||||&#8220; header_3_font=&#8220;Teko|500|||||||&#8220; header_3_font_size=&#8220;26px&#8220; header_3_line_height=&#8220;1.2em&#8220; header_4_font=&#8220;||||||||&#8220; width=&#8220;100%&#8220; custom_margin=&#8220;|-98px|0px|||&#8220; custom_padding=&#8220;|0px||||&#8220; locked=&#8220;off&#8220; global_colors_info=&#8220;{}&#8220;]<\/p>\n<h3>PNC-PIPE<\/h3>\n<ul>\n<li><span>Die Maschine kann f\u00fcr Rohr- und Blechbearbeitung genutzt werden <\/span><\/li>\n<li><span>Die PNC Pipe ist eine flexible und produktive CNC Schneidl\u00f6sung, ausgelegt f\u00fcr die Erstellung von Schnitten h\u00f6chster Qualit\u00e4t. <\/span><\/li>\n<li><span>Durch die im Lieferumfang enthaltene Software k\u00f6nnen alle Geometrien erstellt und an die CNC Steuerung \u00fcbermittelt werden. <\/span><\/li>\n<li><span>KOIKE\u00b4s flexibelste, produktivste und preisbewussteste CNC Schneidl\u00f6sung f\u00fcr das Schneiden hoher Qualit\u00e4t <\/span><\/li>\n<\/ul>\n<p>[\/et_pb_text][et_pb_button button_url=&#8220;<a href=\"https:\/\/koike-europe.com\/de\/pnc-pipe\/&#038;#8220\">https:\/\/koike-europe.com\/de\/pnc-pipe\/&#038;#8220<\/a>; button_text=&#8220;WEITERLESEN&#8220; _builder_version=&#8220;4.17.3&#8243; custom_button=&#8220;on&#8220; button_text_size=&#8220;14px&#8220; button_text_color=&#8220;#000000&#8243; button_bg_color=&#8220;#e8e8e8&#8243; button_border_width=&#8220;7px&#8220; button_border_color=&#8220;#e8e8e8&#8243; button_border_radius=&#8220;0px&#8220; button_letter_spacing=&#8220;4px&#8220; button_font=&#8220;Teko|||on|||||&#8220; button_icon=&#8220;&#x24;||divi||400&#8243; background_layout=&#8220;dark&#8220; custom_margin=&#8220;|||&#8220; animation_style=&#8220;slide&#8220; animation_direction=&#8220;left&#8220; animation_delay=&#8220;100ms&#8220; animation_intensity_slide=&#8220;20%&#8220; locked=&#8220;off&#8220; global_colors_info=&#8220;{}&#8220; button_text_size__hover_enabled=&#8220;off&#8220; button_one_text_size__hover_enabled=&#8220;off&#8220; button_two_text_size__hover_enabled=&#8220;off&#8220; button_text_color__hover_enabled=&#8220;off&#8220; button_one_text_color__hover_enabled=&#8220;off&#8220; button_two_text_color__hover_enabled=&#8220;off&#8220; button_border_width__hover_enabled=&#8220;off&#8220; button_one_border_width__hover_enabled=&#8220;off&#8220; button_two_border_width__hover_enabled=&#8220;off&#8220; button_border_color__hover_enabled=&#8220;off&#8220; button_one_border_color__hover_enabled=&#8220;off&#8220; button_two_border_color__hover_enabled=&#8220;off&#8220; button_border_radius__hover_enabled=&#8220;off&#8220; button_one_border_radius__hover_enabled=&#8220;off&#8220; button_two_border_radius__hover_enabled=&#8220;off&#8220; button_letter_spacing__hover_enabled=&#8220;off&#8220; button_one_letter_spacing__hover_enabled=&#8220;off&#8220; button_two_letter_spacing__hover_enabled=&#8220;off&#8220; button_bg_color__hover_enabled=&#8220;off&#8220; button_one_bg_color__hover_enabled=&#8220;off&#8220; button_two_bg_color__hover_enabled=&#8220;off&#8220;][\/et_pb_button][\/et_pb_column][\/et_pb_row][\/et_pb_section][et_pb_section fb_built=&#8220;1&#8243; specialty=&#8220;on&#8220; _builder_version=&#8220;4.17.3&#8243; _module_preset=&#8220;default&#8220; custom_padding=&#8220;||45px|||&#8220; border_width_top=&#8220;1px&#8220; border_width_bottom=&#8220;1px&#8220; global_colors_info=&#8220;{}&#8220;][et_pb_column type=&#8220;1_4&#8243; _builder_version=&#8220;4.16&#8243; custom_padding=&#8220;|||&#8220; global_colors_info=&#8220;{}&#8220; custom_padding__hover=&#8220;|||&#8220;][et_pb_blurb title=&#8220;KOIKE KOMBINIERT FORTSCHRITTLICHE TECHNOLOGIE MIT KUNDENBED\u00dcRFNISSEN&#8220; image=&#8220;<a href=\"https:\/\/koike-europe.com\/wp-content\/uploads\/2022\/01\/Koike-Logo-Horizontal-type.png&#038;#8220\">https:\/\/koike-europe.com\/wp-content\/uploads\/2022\/01\/Koike-Logo-Horizontal-type.png&#038;#8220<\/a>; image_icon_width=&#8220;38%&#8220; icon_alignment=&#8220;left&#8220; _builder_version=&#8220;4.17.3&#8243; _module_preset=&#8220;default&#8220; min_height=&#8220;338.3px&#8220; custom_margin=&#8220;-81px|-31px|-46px|-117px|false|false&#8220; custom_padding=&#8220;6px|0px|15px|14px|false|false&#8220; global_colors_info=&#8220;{}&#8220;]<\/p>\n<p><span>Fortschrittliche Technologie<\/span> <span>kombiniert mit<\/span> <span>pers\u00f6nlichen<\/span> <span>Beziehungen<\/span> <span>und einem tiefen<\/span> <span>Verst\u00e4ndnis<\/span> <span>der<\/span> <span>Kundenbed\u00fcrfnisse<\/span> <span>im Bereich<\/span> <span>Schneiden<\/span> <span>\u2013<\/span> <span>daf\u00fcr<\/span> <span>steht<\/span> <span>Koike<\/span> als japanischer Hersteller von Autogen-, Plasma- und Laserschneidtechnologie. <span>Unser Kundenstamm besteht aus<\/span> <span>Unternehmen<\/span>, die <span>im Schiffbau<\/span> und Stahlbau <span>t\u00e4tig<\/span> sind, <span>Kraftfahrzeuge,<\/span> <span>Maschinen und Anlagen<\/span> <span>und<\/span> andere Metalle <span>Branchen<\/span>. <span>Sie alle<\/span> <span>vertrauen auf die mehr als<\/span> <span>100<\/span><span>-j\u00e4hrige Erfahrung von Koike beim Schneiden<\/span>  <\/p>\n<p>[\/et_pb_blurb][\/et_pb_column][et_pb_column type=&#8220;3_4&#8243; specialty_columns=&#8220;3&#8243; _builder_version=&#8220;4.16&#8243; custom_padding=&#8220;|||&#8220; global_colors_info=&#8220;{}&#8220; custom_padding__hover=&#8220;|||&#8220;][et_pb_row_inner column_structure=&#8220;1_2,1_2&#8243; _builder_version=&#8220;4.17.3&#8243; _module_preset=&#8220;default&#8220; module_alignment=&#8220;center&#8220; custom_margin=&#8220;0px|16px||-3px|false|false&#8220; custom_padding=&#8220;33px|0px|25px|0px|false|false&#8220; global_colors_info=&#8220;{}&#8220;][et_pb_column_inner type=&#8220;1_2&#8243; saved_specialty_column_type=&#8220;3_4&#8243; _builder_version=&#8220;4.17.3&#8243; _module_preset=&#8220;default&#8220; custom_padding=&#8220;|0px||18px|false|false&#8220; border_width_left=&#8220;1px&#8220; global_colors_info=&#8220;{}&#8220;][et_pb_toggle title=&#8220;Finden Sie Ihren H\u00e4ndler&#8220; _builder_version=&#8220;4.17.3&#8243; _module_preset=&#8220;default&#8220; link_option_url=&#8220;<a href=\"https:\/\/koike-europe.com\/dealer-locator\/&#038;#8220\">https:\/\/koike-europe.com\/dealer-locator\/&#038;#8220<\/a>; global_colors_info=&#8220;{}&#8220;][\/et_pb_toggle][et_pb_toggle title=&#8220;Katalog&#8220; _builder_version=&#8220;4.17.3&#8243; _module_preset=&#8220;default&#8220; global_colors_info=&#8220;{}&#8220;]<\/p>\n<p><a href=\"https:\/\/koike-europe.com\/wp-content\/uploads\/2022\/09\/KOIKE-Portables-Catalogue-English-V1-Feb.-2020.pdf\">Englisch<\/a><br \/><a href=\"https:\/\/koike-europe.com\/wp-content\/uploads\/2022\/09\/KO-portable-brochure-DE-web-21-09.pdf\">Deutsch<\/a><br \/><a href=\"https:\/\/koike-europe.com\/wp-content\/uploads\/2022\/09\/KO-portable-brochure-NL-15-07-web.pdf\">Niederl\u00e4ndisch<\/a><br \/><a href=\"https:\/\/koike-europe.com\/wp-content\/uploads\/2022\/09\/KO-portable-brochure-FR-web.pdf\">Franz\u00f6sisch<\/a><br \/><a href=\"https:\/\/koike-europe.com\/wp-content\/uploads\/2022\/09\/KO-portable-brochure-IT-13-04-web.pdf\">Italienisch<\/a><\/p>\n<p>[\/et_pb_toggle][et_pb_toggle title=&#8220;Terms &amp; Conditions&#8220; _builder_version=&#8220;4.17.3&#8243; _module_preset=&#8220;default&#8220; width=&#8220;100%&#8220; global_colors_info=&#8220;{}&#8220;]<\/p>\n<p><a href=\"https:\/\/koike-europe.com\/wp-content\/uploads\/2022\/09\/Metaalunievoorwaarden-2019-Engels.pdf\">Englisch<\/a><br \/><a href=\"https:\/\/koike-europe.com\/wp-content\/uploads\/2022\/09\/Metaalunievoorwaarden-2019-Duits.pdf\">Deutsch<\/a><br \/><a href=\"https:\/\/koike-europe.com\/wp-content\/uploads\/2022\/09\/Metaalunievoorwaarden-2019-Nederlands-1.pdf\">Niederl\u00e4ndisch<\/a><br \/><a href=\"https:\/\/koike-europe.com\/wp-content\/uploads\/2022\/09\/Metaalunievoorwaarden-2019-Frans.pdf\">Franz\u00f6sisch<\/a><br \/><a href=\"https:\/\/koike-europe.com\/wp-content\/uploads\/2022\/09\/Metaalunievoorwaarden-2019-Spaans-1.pdf\">Spanisch<\/a><\/p>\n<p>[\/et_pb_toggle][\/et_pb_column_inner][et_pb_column_inner type=&#8220;1_2&#8243; saved_specialty_column_type=&#8220;3_4&#8243; _builder_version=&#8220;4.17.3&#8243; _module_preset=&#8220;default&#8220; global_colors_info=&#8220;{}&#8220;][et_pb_text _builder_version=&#8220;4.17.3&#8243; _module_preset=&#8220;default&#8220; width=&#8220;100%&#8220; border_width_left=&#8220;1px&#8220; global_colors_info=&#8220;{}&#8220;]<\/p>\n<p style=\"padding-left: 40px;\"><strong>KOIKE Europe B.V.<\/strong><\/p>\n<p style=\"padding-left: 40px;\">Grote Tocht 19<br \/>1507 CG Zaandam<br \/>The Netherlands<\/p>\n<p style=\"padding-left: 40px;\">T: +31 (0)75 612 72 27<br \/>E: <a href=\"mailto:info@koike-europe.com\">info@koike-europe.com<\/a><\/p>\n<p style=\"padding-left: 40px;\"><a href=\"https:\/\/www.linkedin.com\/company\/koike-europe-bv\"><img data-recalc-dims=\"1\" loading=\"lazy\" decoding=\"async\" src=\"https:\/\/i0.wp.com\/koike-europe.com\/wp-content\/uploads\/2022\/09\/LinkedIn-Logo.jpg?resize=43%2C44&#038;ssl=1\" width=\"43\" height=\"44\" alt=\"\" class=\"wp-image-9792 alignnone size-full\"><\/a> <a href=\"https:\/\/nl-nl.facebook.com\/KoikeEurope\/\"><img data-recalc-dims=\"1\" loading=\"lazy\" decoding=\"async\" src=\"https:\/\/i0.wp.com\/koike-europe.com\/wp-content\/uploads\/2022\/09\/Facebook-Logo.jpg?resize=44%2C43&#038;ssl=1\" width=\"44\" height=\"43\" alt=\"\" class=\"wp-image-9791 alignnone size-full\"><\/a><\/p>\n<p>[\/et_pb_text][\/et_pb_column_inner][\/et_pb_row_inner][\/et_pb_column][\/et_pb_section]<\/p>\n","protected":false},"excerpt":{"rendered":"<p>CNC MASCHINENKOIKE bietet drei Typen von CNC-Maschinen an, die f\u00fcr unterschiedliche Zwecke eingesetzt werden k\u00f6nnen. Die Maschinen sind sowohl f\u00fcr Autogen- als auch f\u00fcr Plasmaschneiden erh\u00e4ltlich.ShopPro Einzigartiges Design Starr verschwei\u00dfte Schneidtischrahmenkonstruktion Doppelantrieb mit Pr\u00e4zisions-Linearf\u00fchrung und schr\u00e4gverzahnten Zahnstangen All-in-One-CNC-Steuerung mit gro\u00dfem Bildschirm PNC-12 EXTREME Ideal f\u00fcr alle Kunden, die eine einfache CNC-Schneidel\u00f6sung suchen Plug and Cut [&hellip;]<\/p>\n","protected":false},"author":216407903,"featured_media":0,"parent":0,"menu_order":0,"comment_status":"closed","ping_status":"closed","template":"","meta":{"_et_pb_use_builder":"on","_et_pb_old_content":"","_et_gb_content_width":"","advanced_seo_description":"","jetpack_seo_html_title":"","jetpack_seo_noindex":false,"footnotes":""},"class_list":["post-15134","page","type-page","status-publish","hentry"],"jetpack_likes_enabled":true,"jetpack_sharing_enabled":true,"jetpack_shortlink":"https:\/\/wp.me\/PdFXf2-3W6","_links":{"self":[{"href":"https:\/\/koike-europe.com\/de\/wp-json\/wp\/v2\/pages\/15134","targetHints":{"allow":["GET"]}}],"collection":[{"href":"https:\/\/koike-europe.com\/de\/wp-json\/wp\/v2\/pages"}],"about":[{"href":"https:\/\/koike-europe.com\/de\/wp-json\/wp\/v2\/types\/page"}],"author":[{"embeddable":true,"href":"https:\/\/koike-europe.com\/de\/wp-json\/wp\/v2\/users\/216407903"}],"replies":[{"embeddable":true,"href":"https:\/\/koike-europe.com\/de\/wp-json\/wp\/v2\/comments?post=15134"}],"version-history":[{"count":17,"href":"https:\/\/koike-europe.com\/de\/wp-json\/wp\/v2\/pages\/15134\/revisions"}],"predecessor-version":[{"id":16204,"href":"https:\/\/koike-europe.com\/de\/wp-json\/wp\/v2\/pages\/15134\/revisions\/16204"}],"wp:attachment":[{"href":"https:\/\/koike-europe.com\/de\/wp-json\/wp\/v2\/media?parent=15134"}],"curies":[{"name":"wp","href":"https:\/\/api.w.org\/{rel}","templated":true}]}}