{"id":15314,"date":"2022-03-22T11:15:20","date_gmt":"2022-03-22T10:15:20","guid":{"rendered":"https:\/\/koike-europe.com\/dienst\/"},"modified":"2024-02-22T10:32:25","modified_gmt":"2024-02-22T09:32:25","slug":"dienst","status":"publish","type":"page","link":"https:\/\/koike-europe.com\/de\/dienst\/","title":{"rendered":"Service"},"content":{"rendered":"<p>[et_pb_section fb_built=&#8220;1&#8243; custom_padding_last_edited=&#8220;on|tablet&#8220; next_background_color=&#8220;#ffffff&#8220; admin_label=&#8220;Hero&#8220; _builder_version=&#8220;4.17.3&#8243; background_image=&#8220;<a href=\"https:\/\/koike-europe.com\/wp-content\/uploads\/2022\/06\/Service-Koike_0030-blur-recht.jpg&#038;#8220\">https:\/\/koike-europe.com\/wp-content\/uploads\/2022\/06\/Service-Koike_0030-blur-recht.jpg&#038;#8220<\/a>; background_enable_image=&#8220;on&#8220; background_size=&#8220;cover&#8220; height=&#8220;500px&#8220; custom_margin=&#8220;0px|||&#8220; custom_padding=&#8220;0px|10%|0px|10%|true|true&#8220; custom_padding_tablet=&#8220;|30px||30px||true&#8220; custom_padding_phone=&#8220;|||||true&#8220; bottom_divider_style=&#8220;arrow&#8220; locked=&#8220;off&#8220; global_colors_info=&#8220;{}&#8220;][et_pb_row column_structure=&#8220;2_3,1_3&#8243; padding_top_bottom_link_1=&#8220;true&#8220; padding_left_right_link_1=&#8220;true&#8220; _builder_version=&#8220;4.17.3&#8243; background_size=&#8220;initial&#8220; background_position=&#8220;top_left&#8220; width=&#8220;100%&#8220; max_width=&#8220;100%&#8220; min_height=&#8220;500px&#8220; height=&#8220;500px&#8220; max_height=&#8220;500px&#8220; custom_margin=&#8220;|auto|-209px|auto||&#8220; custom_padding=&#8220;0||0px||false|false&#8220; use_custom_width=&#8220;on&#8220; width_unit=&#8220;off&#8220; custom_width_percent=&#8220;100%&#8220; global_colors_info=&#8220;{}&#8220;][et_pb_column type=&#8220;2_3&#8243; _builder_version=&#8220;4.17.3&#8243; use_background_color_gradient=&#8220;on&#8220; background_color_gradient_stops=&#8220;rgba(0,0,0,0.12) 0%|rgba(255,255,255,0) 100%&#8220; background_color_gradient_start=&#8220;rgba(0,0,0,0.12)&#8220; background_color_gradient_end=&#8220;rgba(255,255,255,0)&#8220; custom_padding=&#8220;11vw|40px|6px|40px|false|false&#8220; custom_padding_tablet=&#8220;|||&#8220; custom_padding_phone=&#8220;|10px||10px||true&#8220; custom_padding_last_edited=&#8220;on|desktop&#8220; global_colors_info=&#8220;{}&#8220; padding_phone=&#8220;|10px||10px||true&#8220; padding_tablet=&#8220;|||&#8220; padding_last_edited=&#8220;on|desktop&#8220; custom_padding__hover=&#8220;|||&#8220;][et_pb_text _builder_version=&#8220;4.17.3&#8243; text_font=&#8220;Lato||||||||&#8220; text_font_size=&#8220;20px&#8220; text_line_height=&#8220;1.8em&#8220; header_font=&#8220;Teko|500||on|||||&#8220; header_font_size=&#8220;9vw&#8220; header_letter_spacing=&#8220;0.05em&#8220; header_line_height=&#8220;0.9em&#8220; background_layout=&#8220;dark&#8220; custom_margin=&#8220;-125px|-10vw|0px||false|false&#8220; custom_margin_tablet=&#8220;|0vw||&#8220; custom_margin_phone=&#8220;|-5vw||&#8220; custom_margin_last_edited=&#8220;on|tablet&#8220; animation_style=&#8220;zoom&#8220; animation_delay=&#8220;100ms&#8220; animation_intensity_zoom=&#8220;10%&#8220; header_font_size_tablet=&#8220;&#8220; header_font_size_phone=&#8220;&#8220; header_font_size_last_edited=&#8220;on|phone&#8220; header_line_height_tablet=&#8220;&#8220; header_line_height_phone=&#8220;1.2em&#8220; header_line_height_last_edited=&#8220;on|phone&#8220; header_text_shadow_style=&#8220;preset1&#8243; header_text_shadow_vertical_length=&#8220;0.18em&#8220; header_text_shadow_blur_strength=&#8220;0.27em&#8220; header_text_shadow_color=&#8220;rgba(0,0,0,0.38)&#8220; global_colors_info=&#8220;{}&#8220;]<\/p>\n<h1><\/h1>\n<h1>SERVICE &amp;<br \/>AFTER-SALES<\/h1>\n<p>&nbsp;<\/p>\n<p>[\/et_pb_text][\/et_pb_column][et_pb_column type=&#8220;1_3&#8243; _builder_version=&#8220;4.16&#8243; custom_padding=&#8220;|||&#8220; global_colors_info=&#8220;{}&#8220; custom_padding__hover=&#8220;|||&#8220;][\/et_pb_column][\/et_pb_row][\/et_pb_section][et_pb_section fb_built=&#8220;1&#8243; admin_label=&#8220;About Us&#8220; _builder_version=&#8220;4.17.3&#8243; custom_padding=&#8220;33px|0px||0px|false|false&#8220; global_colors_info=&#8220;{}&#8220;][et_pb_row _builder_version=&#8220;4.17.3&#8243; _module_preset=&#8220;default&#8220; global_colors_info=&#8220;{}&#8220;][et_pb_column type=&#8220;4_4&#8243; _builder_version=&#8220;4.17.3&#8243; _module_preset=&#8220;default&#8220; global_colors_info=&#8220;{}&#8220;][et_pb_text _builder_version=&#8220;4.17.3&#8243; _module_preset=&#8220;default&#8220; global_colors_info=&#8220;{}&#8220;]<\/p>\n<h2>Service &amp; After-Sales<\/h2>\n<p><span>Der Kunde geht vor! Der Service und Support f\u00fcr unsere Kunden steht bei KOIKE immer im Vordergrund. Wir streben die Kontinuit\u00e4t der Kundenproduktion und Unterst\u00fctzung durch Helpdesk oder Au\u00dfendiensteins\u00e4tze an. Wir verf\u00fcgen \u00fcber Serviceteams, die in unserem gesamten Vertriebsgebiet eingesetzt werden k\u00f6nnen, und wir arbeiten mit zertifizierten Partnern zusammen, die Serviceprobleme vor Ort l\u00f6sen k\u00f6nnen.<br \/>F\u00fcr allgemeinen Kontakt: service@koike-europe.com. Bitte senden Sie uns Ihre Anfrage f\u00fcr lokalen Support.<br \/><\/span><span>KOIKE liefert Ihre Verbrauchsmaterialien und Ersatzteile ab Lager. Wir haben gro\u00dfe Mengen an Verbrauchsmaterial und Ersatzteilen in unseren Lagerr\u00e4umen. Schneller Versand ist unser Ziel!<\/span><\/p>\n<p><b>KOIKE Schneideschule<\/b><br \/><span>Qualifizierte Bediener steigern die Produktionseffizienz Ihrer Maschinen. KOIKE kann Ihr Unternehmen mit Schulungen an Schneidemaschinen unterst\u00fctzen, die verschiedenen Schneideprozesse beherrschen und F\u00e4higkeiten mit CAD\/CAM-Verschachtelungssoftware entwickeln. Wir haben auch Wartungsschulungsmodule f\u00fcr Ihre Mitarbeiter verf\u00fcgbar.<\/span><\/p>\n<p>[\/et_pb_text][\/et_pb_column][\/et_pb_row][\/et_pb_section][et_pb_section fb_built=&#8220;1&#8243; custom_padding_last_edited=&#8220;on|phone&#8220; admin_label=&#8220;Our History&#8220; _builder_version=&#8220;4.18.0&#8243; use_background_color_gradient=&#8220;on&#8220; background_color_gradient_stops=&#8220;rgba(27,31,37,0.3) 0%|rgba(27, 31, 37, 0.52) 43%|#1b1f25 100%&#8220; background_color_gradient_overlays_image=&#8220;on&#8220; background_color_gradient_start=&#8220;rgba(27,31,37,0.3)&#8220; background_color_gradient_end=&#8220;#1b1f25&#8243; background_image=&#8220;<a href=\"https:\/\/koike-europe.com\/wp-content\/uploads\/2022\/03\/car-dealer-06.jpg&#038;#8220\">https:\/\/koike-europe.com\/wp-content\/uploads\/2022\/03\/car-dealer-06.jpg&#038;#8220<\/a>; width=&#8220;100%&#8220; max_width=&#8220;100%&#8220; min_height=&#8220;1033.2px&#8220; custom_margin=&#8220;0px||-100px||false|false&#8220; custom_padding=&#8220;100px|0px|0px|0px|false|false&#8220; custom_padding_tablet=&#8220;|||&#8220; custom_padding_phone=&#8220;100px|||&#8220; top_divider_height_tablet=&#8220;&#8220; top_divider_height_phone=&#8220;50px&#8220; top_divider_height_last_edited=&#8220;on|phone&#8220; bottom_divider_color=&#8220;#575757&#8243; bottom_divider_height=&#8220;150px&#8220; box_shadow_style=&#8220;preset7&#8243; box_shadow_horizontal=&#8220;0px&#8220; box_shadow_vertical=&#8220;-150px&#8220; box_shadow_color=&#8220;#ffffff&#8220; locked=&#8220;off&#8220; global_colors_info=&#8220;{}&#8220;][et_pb_row column_structure=&#8220;1_2,1_2&#8243; _builder_version=&#8220;4.17.3&#8243; _module_preset=&#8220;default&#8220; background_color=&#8220;#FCFCFC&#8220; custom_padding=&#8220;||0px|||&#8220; global_colors_info=&#8220;{}&#8220;][et_pb_column type=&#8220;1_2&#8243; _builder_version=&#8220;4.17.3&#8243; _module_preset=&#8220;default&#8220; global_colors_info=&#8220;{}&#8220;][et_pb_text admin_label=&#8220;Title&#8220; _builder_version=&#8220;4.17.3&#8243; text_font=&#8220;Lato||||||||&#8220; text_font_size=&#8220;20px&#8220; text_line_height=&#8220;1.8em&#8220; header_font=&#8220;||||||||&#8220; header_2_font=&#8220;Teko||||||||&#8220; header_2_font_size=&#8220;96px&#8220; text_orientation=&#8220;center&#8220; max_width=&#8220;700px&#8220; module_alignment=&#8220;center&#8220; custom_margin=&#8220;||0px|&#8220; header_2_font_size_tablet=&#8220;66px&#8220; header_2_font_size_phone=&#8220;36px&#8220; header_2_font_size_last_edited=&#8220;on|phone&#8220; global_colors_info=&#8220;{}&#8220;]<\/p>\n<h2><span style=\"font-size: xx-large;\">2000m2 Lagerfl\u00e4che<\/span><\/h2>\n<p>[\/et_pb_text][et_pb_text _builder_version=&#8220;4.17.3&#8243; _module_preset=&#8220;default&#8220; custom_margin=&#8220;|||50px|false|false&#8220; global_colors_info=&#8220;{}&#8220;]<\/p>\n<p>Installation und Schulung sind Teil unserer Dienstleistungen, enden aber nicht damit. Unsere Servicetechniker stehen Ihnen bei Fragen per Fernzugriff zur Seite. Die meisten Verbrauchsmaterialien und Ersatzteile f\u00fcr Plasma und Autogen sind ab Lager in Zaandam (Niederlande) erh\u00e4ltlich.<\/p>\n<p>[\/et_pb_text][et_pb_text admin_label=&#8220;Title&#8220; _builder_version=&#8220;4.18.0&#8243; text_font=&#8220;Lato||||||||&#8220; text_font_size=&#8220;20px&#8220; text_line_height=&#8220;1.8em&#8220; header_font=&#8220;||||||||&#8220; header_2_font=&#8220;Teko||||||||&#8220; header_2_font_size=&#8220;96px&#8220; text_orientation=&#8220;center&#8220; max_width=&#8220;700px&#8220; module_alignment=&#8220;center&#8220; custom_margin=&#8220;||0px|&#8220; hover_enabled=&#8220;0&#8243; header_2_font_size_tablet=&#8220;66px&#8220; header_2_font_size_phone=&#8220;36px&#8220; header_2_font_size_last_edited=&#8220;on|phone&#8220; global_colors_info=&#8220;{}&#8220; sticky_enabled=&#8220;0&#8243;]<\/p>\n<h2><span style=\"font-size: xx-large;\">TeamViewer remote support<\/span><\/h2>\n<p>[\/et_pb_text][et_pb_button button_url=&#8220;<a href=\"https:\/\/koike-europe.com\/wp-content\/uploads\/2022\/09\/TeamViewerQS_KOIKE-1.zip&#038;#8220\">https:\/\/koike-europe.com\/wp-content\/uploads\/2022\/09\/TeamViewerQS_KOIKE-1.zip&#038;#8220<\/a>; url_new_window=&#8220;on&#8220; button_text=&#8220;TeamViewer&#8220; _builder_version=&#8220;4.17.3&#8243; _module_preset=&#8220;default&#8220; custom_button=&#8220;on&#8220; button_text_color=&#8220;#fcfcfc&#8220; button_bg_color=&#8220;#e2001a&#8220; button_border_width=&#8220;0px&#8220; button_border_radius=&#8220;0px&#8220; button_letter_spacing=&#8220;3px&#8220; button_font=&#8220;Teko||||||||&#8220; button_icon=&#8220;&#x24;||divi||400&#8243; custom_margin=&#8220;|||50px|false|false&#8220; global_colors_info=&#8220;{}&#8220;][\/et_pb_button][et_pb_button button_url=&#8220;<a href=\"https:\/\/koike-europe.com\/wp-content\/uploads\/2022\/09\/TeamViewerQS14-2.zip&#038;#8220\">https:\/\/koike-europe.com\/wp-content\/uploads\/2022\/09\/TeamViewerQS14-2.zip&#038;#8220<\/a>; url_new_window=&#8220;on&#8220; button_text=&#8220;TeamViewer for Windows XP&#8220; _builder_version=&#8220;4.17.3&#8243; _module_preset=&#8220;default&#8220; custom_button=&#8220;on&#8220; button_text_color=&#8220;#fcfcfc&#8220; button_bg_color=&#8220;#e2001a&#8220; button_border_width=&#8220;0px&#8220; button_border_radius=&#8220;0px&#8220; button_letter_spacing=&#8220;3px&#8220; button_font=&#8220;Teko||||||||&#8220; button_icon=&#8220;&#x24;||divi||400&#8243; custom_margin=&#8220;|||50px|false|false&#8220; global_colors_info=&#8220;{}&#8220;][\/et_pb_button][\/et_pb_column][et_pb_column type=&#8220;1_2&#8243; _builder_version=&#8220;4.17.3&#8243; _module_preset=&#8220;default&#8220; custom_padding=&#8220;0px||81px|38px|false|false&#8220; global_colors_info=&#8220;{}&#8220;][et_pb_image src=&#8220;<a href=\"https:\/\/koike-europe.com\/wp-content\/uploads\/2022\/03\/Warehouse-Koike_0062-e1649409442239.jpg&#038;#8220\">https:\/\/koike-europe.com\/wp-content\/uploads\/2022\/03\/Warehouse-Koike_0062-e1649409442239.jpg&#038;#8220<\/a>; title_text=&#8220;Warehouse Koike_0062&#8243; _builder_version=&#8220;4.17.3&#8243; _module_preset=&#8220;default&#8220; custom_margin=&#8220;|50px|||false|false&#8220; global_colors_info=&#8220;{}&#8220;][\/et_pb_image][\/et_pb_column][\/et_pb_row][\/et_pb_section][et_pb_section fb_built=&#8220;1&#8243; specialty=&#8220;on&#8220; _builder_version=&#8220;4.17.3&#8243; _module_preset=&#8220;default&#8220; custom_padding=&#8220;||45px|||&#8220; border_width_top=&#8220;1px&#8220; border_width_bottom=&#8220;1px&#8220; global_colors_info=&#8220;{}&#8220;][et_pb_column type=&#8220;1_4&#8243; _builder_version=&#8220;4.16&#8243; custom_padding=&#8220;|||&#8220; global_colors_info=&#8220;{}&#8220; custom_padding__hover=&#8220;|||&#8220;][et_pb_blurb title=&#8220;KOIKE KOMBINIERT FORTSCHRITTLICHE TECHNOLOGIE MIT KUNDENBED\u00dcRFNISSEN&#8220; image=&#8220;<a href=\"https:\/\/koike-europe.com\/wp-content\/uploads\/2022\/01\/Koike-Logo-Horizontal-type.png&#038;#8220\">https:\/\/koike-europe.com\/wp-content\/uploads\/2022\/01\/Koike-Logo-Horizontal-type.png&#038;#8220<\/a>; image_icon_width=&#8220;38%&#8220; icon_alignment=&#8220;left&#8220; _builder_version=&#8220;4.17.3&#8243; _module_preset=&#8220;default&#8220; min_height=&#8220;338.3px&#8220; custom_margin=&#8220;-81px|-31px|-46px|-117px|false|false&#8220; custom_padding=&#8220;6px|0px|15px|14px|false|false&#8220; global_colors_info=&#8220;{}&#8220;]<\/p>\n<p><span>Fortschrittliche Technologie<\/span> <span>kombiniert mit<\/span> <span>pers\u00f6nlichen<\/span> <span>Beziehungen<\/span> <span>und einem tiefen<\/span> <span>Verst\u00e4ndnis<\/span> <span>der<\/span> <span>Kundenbed\u00fcrfnisse<\/span> <span>im Bereich<\/span> <span>Schneiden<\/span> <span>\u2013<\/span> <span>daf\u00fcr<\/span> <span>steht<\/span> <span>Koike<\/span> als japanischer Hersteller von Autogen-, Plasma- und Laserschneidtechnologie. <span>Unser Kundenstamm besteht aus<\/span> <span>Unternehmen<\/span>, die <span>im Schiffbau<\/span> und Stahlbau <span>t\u00e4tig<\/span> sind, <span>Kraftfahrzeuge,<\/span> <span>Maschinen und Anlagen<\/span> <span>und<\/span> andere Metalle <span>Branchen<\/span>. <span>Sie alle<\/span> <span>vertrauen auf die mehr als<\/span> <span>100<\/span><span>-j\u00e4hrige Erfahrung von Koike beim Schneiden<\/span>  <\/p>\n<p>[\/et_pb_blurb][\/et_pb_column][et_pb_column type=&#8220;3_4&#8243; specialty_columns=&#8220;3&#8243; _builder_version=&#8220;4.16&#8243; custom_padding=&#8220;|||&#8220; global_colors_info=&#8220;{}&#8220; custom_padding__hover=&#8220;|||&#8220;][et_pb_row_inner column_structure=&#8220;1_2,1_2&#8243; _builder_version=&#8220;4.17.3&#8243; _module_preset=&#8220;default&#8220; module_alignment=&#8220;center&#8220; custom_margin=&#8220;0px|16px||-3px|false|false&#8220; custom_padding=&#8220;33px|0px|25px|0px|false|false&#8220; global_colors_info=&#8220;{}&#8220;][et_pb_column_inner type=&#8220;1_2&#8243; saved_specialty_column_type=&#8220;3_4&#8243; _builder_version=&#8220;4.17.3&#8243; _module_preset=&#8220;default&#8220; custom_padding=&#8220;|0px||18px|false|false&#8220; border_width_left=&#8220;1px&#8220; global_colors_info=&#8220;{}&#8220;][et_pb_toggle title=&#8220;Finden Sie Ihren H\u00e4ndler&#8220; _builder_version=&#8220;4.17.3&#8243; _module_preset=&#8220;default&#8220; link_option_url=&#8220;<a href=\"https:\/\/koike-europe.com\/dealer-locator\/&#038;#8220\">https:\/\/koike-europe.com\/dealer-locator\/&#038;#8220<\/a>; global_colors_info=&#8220;{}&#8220;][\/et_pb_toggle][et_pb_toggle title=&#8220;Katalog&#8220; _builder_version=&#8220;4.17.3&#8243; _module_preset=&#8220;default&#8220; global_colors_info=&#8220;{}&#8220;]<\/p>\n<p><a href=\"https:\/\/koike-europe.com\/wp-content\/uploads\/2022\/09\/KOIKE-Portables-Catalogue-English-V1-Feb.-2020.pdf\">Englisch<\/a><br \/><a href=\"https:\/\/koike-europe.com\/wp-content\/uploads\/2022\/09\/KO-portable-brochure-DE-web-21-09.pdf\">Deutsch<\/a><br \/><a href=\"https:\/\/koike-europe.com\/wp-content\/uploads\/2022\/09\/KO-portable-brochure-NL-15-07-web.pdf\">Niederl\u00e4ndisch<\/a><br \/><a href=\"https:\/\/koike-europe.com\/wp-content\/uploads\/2022\/09\/KO-portable-brochure-FR-web.pdf\">Franz\u00f6sisch<\/a><br \/><a href=\"https:\/\/koike-europe.com\/wp-content\/uploads\/2022\/09\/KO-portable-brochure-IT-13-04-web.pdf\">Italienisch<\/a><\/p>\n<p>[\/et_pb_toggle][et_pb_toggle title=&#8220;Terms &amp; Conditions&#8220; _builder_version=&#8220;4.17.3&#8243; _module_preset=&#8220;default&#8220; width=&#8220;100%&#8220; global_colors_info=&#8220;{}&#8220;]<\/p>\n<p><a href=\"https:\/\/koike-europe.com\/wp-content\/uploads\/2022\/09\/Metaalunievoorwaarden-2019-Engels.pdf\">Englisch<\/a><br \/><a href=\"https:\/\/koike-europe.com\/wp-content\/uploads\/2022\/09\/Metaalunievoorwaarden-2019-Duits.pdf\">Deutsch<\/a><br \/><a href=\"https:\/\/koike-europe.com\/wp-content\/uploads\/2022\/09\/Metaalunievoorwaarden-2019-Nederlands-1.pdf\">Niederl\u00e4ndisch<\/a><br \/><a href=\"https:\/\/koike-europe.com\/wp-content\/uploads\/2022\/09\/Metaalunievoorwaarden-2019-Frans.pdf\">Franz\u00f6sisch<\/a><br \/><a href=\"https:\/\/koike-europe.com\/wp-content\/uploads\/2022\/09\/Metaalunievoorwaarden-2019-Spaans-1.pdf\">Spanisch<\/a><\/p>\n<p>[\/et_pb_toggle][\/et_pb_column_inner][et_pb_column_inner type=&#8220;1_2&#8243; saved_specialty_column_type=&#8220;3_4&#8243; _builder_version=&#8220;4.17.3&#8243; _module_preset=&#8220;default&#8220; global_colors_info=&#8220;{}&#8220;][et_pb_text _builder_version=&#8220;4.17.3&#8243; _module_preset=&#8220;default&#8220; width=&#8220;100%&#8220; border_width_left=&#8220;1px&#8220; global_colors_info=&#8220;{}&#8220;]<\/p>\n<p style=\"padding-left: 40px;\"><strong>KOIKE Europe B.V.<\/strong><\/p>\n<p style=\"padding-left: 40px;\">Grote Tocht 19<br \/>1507 CG Zaandam<br \/>The Netherlands<\/p>\n<p style=\"padding-left: 40px;\">T: +31 (0)75 612 72 27<br \/>E: <a href=\"mailto:info@koike-europe.com\">info@koike-europe.com<\/a><\/p>\n<p style=\"padding-left: 40px;\"><a href=\"https:\/\/www.linkedin.com\/company\/koike-europe-bv\"><img data-recalc-dims=\"1\" loading=\"lazy\" decoding=\"async\" src=\"https:\/\/i0.wp.com\/koike-europe.com\/wp-content\/uploads\/2022\/09\/LinkedIn-Logo.jpg?resize=43%2C44&#038;ssl=1\" width=\"43\" height=\"44\" alt=\"\" class=\"wp-image-9792 alignnone size-full\"><\/a> <a href=\"https:\/\/nl-nl.facebook.com\/KoikeEurope\/\"><img data-recalc-dims=\"1\" loading=\"lazy\" decoding=\"async\" src=\"https:\/\/i0.wp.com\/koike-europe.com\/wp-content\/uploads\/2022\/09\/Facebook-Logo.jpg?resize=44%2C43&#038;ssl=1\" width=\"44\" height=\"43\" alt=\"\" class=\"wp-image-9791 alignnone size-full\"><\/a><\/p>\n<p>[\/et_pb_text][\/et_pb_column_inner][\/et_pb_row_inner][\/et_pb_column][\/et_pb_section]<\/p>\n","protected":false},"excerpt":{"rendered":"<p>SERVICE &amp;AFTER-SALES &nbsp;Service &amp; After-Sales Der Kunde geht vor! Der Service und Support f\u00fcr unsere Kunden steht bei KOIKE immer im Vordergrund. Wir streben die Kontinuit\u00e4t der Kundenproduktion und Unterst\u00fctzung durch Helpdesk oder Au\u00dfendiensteins\u00e4tze an. Wir verf\u00fcgen \u00fcber Serviceteams, die in unserem gesamten Vertriebsgebiet eingesetzt werden k\u00f6nnen, und wir arbeiten mit zertifizierten Partnern zusammen, die [&hellip;]<\/p>\n","protected":false},"author":216407903,"featured_media":0,"parent":0,"menu_order":0,"comment_status":"closed","ping_status":"closed","template":"","meta":{"_et_pb_use_builder":"on","_et_pb_old_content":"","_et_gb_content_width":"","advanced_seo_description":"","jetpack_seo_html_title":"","jetpack_seo_noindex":false,"footnotes":""},"class_list":["post-15314","page","type-page","status-publish","hentry"],"jetpack_likes_enabled":true,"jetpack_sharing_enabled":true,"jetpack_shortlink":"https:\/\/wp.me\/PdFXf2-3Z0","_links":{"self":[{"href":"https:\/\/koike-europe.com\/de\/wp-json\/wp\/v2\/pages\/15314","targetHints":{"allow":["GET"]}}],"collection":[{"href":"https:\/\/koike-europe.com\/de\/wp-json\/wp\/v2\/pages"}],"about":[{"href":"https:\/\/koike-europe.com\/de\/wp-json\/wp\/v2\/types\/page"}],"author":[{"embeddable":true,"href":"https:\/\/koike-europe.com\/de\/wp-json\/wp\/v2\/users\/216407903"}],"replies":[{"embeddable":true,"href":"https:\/\/koike-europe.com\/de\/wp-json\/wp\/v2\/comments?post=15314"}],"version-history":[{"count":8,"href":"https:\/\/koike-europe.com\/de\/wp-json\/wp\/v2\/pages\/15314\/revisions"}],"predecessor-version":[{"id":18125,"href":"https:\/\/koike-europe.com\/de\/wp-json\/wp\/v2\/pages\/15314\/revisions\/18125"}],"wp:attachment":[{"href":"https:\/\/koike-europe.com\/de\/wp-json\/wp\/v2\/media?parent=15314"}],"curies":[{"name":"wp","href":"https:\/\/api.w.org\/{rel}","templated":true}]}}