{"id":17988,"date":"2022-09-15T10:21:28","date_gmt":"2022-09-15T08:21:28","guid":{"rendered":"https:\/\/koike-europe.com\/home-2\/"},"modified":"2026-02-24T13:55:31","modified_gmt":"2026-02-24T12:55:31","slug":"home-2","status":"publish","type":"page","link":"https:\/\/koike-europe.com\/fr\/","title":{"rendered":"Accueil"},"content":{"rendered":"<p>[et_pb_section fb_built=\u00a0\u00bb1&Prime; custom_padding_last_edited=\u00a0\u00bbon|tablet\u00a0\u00bb next_background_color=\u00a0\u00bb#ffffff\u00a0\u00bb admin_label=\u00a0\u00bbHero\u00a0\u00bb _builder_version=\u00a0\u00bb4.18.0&Prime; background_video_mp4=\u00a0\u00bbhttps:\/\/koike-europe.com\/wp-content\/uploads\/2022\/10\/WelcomeV720p.mp4&Prime; height=\u00a0\u00bb500px\u00a0\u00bb custom_margin=\u00a0\u00bb15px||-76px||false|false\u00a0\u00bb custom_padding=\u00a0\u00bb0px|10%|0px|10%|true|true\u00a0\u00bb custom_padding_tablet=\u00a0\u00bb|30px||30px||true\u00a0\u00bb custom_padding_phone=\u00a0\u00bb|||||true\u00a0\u00bb bottom_divider_style=\u00a0\u00bbarrow\u00a0\u00bb locked=\u00a0\u00bboff\u00a0\u00bb global_colors_info=\u00a0\u00bb{}\u00a0\u00bb][et_pb_row padding_top_bottom_link_1=\u00a0\u00bbtrue\u00a0\u00bb padding_left_right_link_1=\u00a0\u00bbtrue\u00a0\u00bb _builder_version=\u00a0\u00bb4.18.0&Prime; background_size=\u00a0\u00bbinitial\u00a0\u00bb background_position=\u00a0\u00bbtop_left\u00a0\u00bb width=\u00a0\u00bb100%\u00a0\u00bb max_width=\u00a0\u00bb100%\u00a0\u00bb min_height=\u00a0\u00bb300px\u00a0\u00bb custom_margin=\u00a0\u00bb0px||0px||true|false\u00a0\u00bb custom_padding=\u00a0\u00bb0||46px||false|false\u00a0\u00bb use_custom_width=\u00a0\u00bbon\u00a0\u00bb width_unit=\u00a0\u00bboff\u00a0\u00bb custom_width_percent=\u00a0\u00bb100%\u00a0\u00bb global_colors_info=\u00a0\u00bb{}\u00a0\u00bb][et_pb_column type=\u00a0\u00bb4_4&Prime; _builder_version=\u00a0\u00bb4.18.0&Prime; background_color=\u00a0\u00bbrgba(255,255,255,0)\u00a0\u00bb custom_padding=\u00a0\u00bb4vw|40px|7vw|40px|false|false\u00a0\u00bb custom_padding_tablet=\u00a0\u00bb|||\u00a0\u00bb custom_padding_phone=\u00a0\u00bb|10px||10px||true\u00a0\u00bb custom_padding_last_edited=\u00a0\u00bbon|desktop\u00a0\u00bb global_colors_info=\u00a0\u00bb{}\u00a0\u00bb padding_phone=\u00a0\u00bb|10px||10px||true\u00a0\u00bb padding_tablet=\u00a0\u00bb|||\u00a0\u00bb padding_last_edited=\u00a0\u00bbon|desktop\u00a0\u00bb custom_padding__hover=\u00a0\u00bb|||\u00a0\u00bb][et_pb_text _builder_version=\u00a0\u00bb4.17.3&Prime; text_font=\u00a0\u00bbLato||||||||\u00a0\u00bb text_font_size=\u00a0\u00bb20px\u00a0\u00bb text_line_height=\u00a0\u00bb1.8em\u00a0\u00bb header_font=\u00a0\u00bbTeko|500||on|||||\u00a0\u00bb header_font_size=\u00a0\u00bb9vw\u00a0\u00bb header_letter_spacing=\u00a0\u00bb0.05em\u00a0\u00bb header_line_height=\u00a0\u00bb0.9em\u00a0\u00bb background_layout=\u00a0\u00bbdark\u00a0\u00bb custom_margin=\u00a0\u00bb0px|-10vw|28px||false|false\u00a0\u00bb custom_margin_tablet=\u00a0\u00bb|0vw||\u00a0\u00bb custom_margin_phone=\u00a0\u00bb|-5vw||\u00a0\u00bb custom_margin_last_edited=\u00a0\u00bbon|tablet\u00a0\u00bb custom_padding=\u00a0\u00bb0px||||false|false\u00a0\u00bb animation_style=\u00a0\u00bbzoom\u00a0\u00bb animation_duration=\u00a0\u00bb400ms\u00a0\u00bb animation_intensity_zoom=\u00a0\u00bb10%\u00a0\u00bb header_font_size_tablet=\u00a0\u00bb\u00a0\u00bb header_font_size_phone=\u00a0\u00bb\u00a0\u00bb header_font_size_last_edited=\u00a0\u00bbon|phone\u00a0\u00bb header_line_height_tablet=\u00a0\u00bb\u00a0\u00bb header_line_height_phone=\u00a0\u00bb1.2em\u00a0\u00bb header_line_height_last_edited=\u00a0\u00bbon|phone\u00a0\u00bb header_text_shadow_style=\u00a0\u00bbpreset1&Prime; header_text_shadow_vertical_length=\u00a0\u00bb0.18em\u00a0\u00bb header_text_shadow_blur_strength=\u00a0\u00bb0.27em\u00a0\u00bb header_text_shadow_color=\u00a0\u00bbrgba(0,0,0,0.38)\u00a0\u00bb global_colors_info=\u00a0\u00bb{}\u00a0\u00bb]<\/p>\n<h1>BIENVENUE DANS<\/h1>\n<h1>KOIKE EUROPE<\/h1>\n<p>[\/et_pb_text][\/et_pb_column][\/et_pb_row][\/et_pb_section][et_pb_section fb_built=\u00a0\u00bb1&Prime; admin_label=\u00a0\u00bbListings\u00a0\u00bb _builder_version=\u00a0\u00bb4.18.0&Prime; min_height=\u00a0\u00bb748px\u00a0\u00bb custom_margin=\u00a0\u00bb0px||-32px||false|false\u00a0\u00bb custom_padding=\u00a0\u00bb70px|0px|70px|0px|true|false\u00a0\u00bb global_module=\u00a0\u00bb14717&Prime; saved_tabs=\u00a0\u00bball\u00a0\u00bb global_colors_info=\u00a0\u00bb{}\u00a0\u00bb][et_pb_row _builder_version=\u00a0\u00bb4.17.3&Prime; _module_preset=\u00a0\u00bbdefault\u00a0\u00bb global_colors_info=\u00a0\u00bb{}\u00a0\u00bb][et_pb_column type=\u00a0\u00bb4_4&Prime; _builder_version=\u00a0\u00bb4.17.3&Prime; _module_preset=\u00a0\u00bbdefault\u00a0\u00bb global_colors_info=\u00a0\u00bb{}\u00a0\u00bb][et_pb_text _builder_version=\u00a0\u00bb4.17.3&Prime; _module_preset=\u00a0\u00bbdefault\u00a0\u00bb global_colors_info=\u00a0\u00bb{}\u00a0\u00bb]<\/p>\n<p><span style=\"color: #000000;\"><strong>Bienvenue dans le monde de Koike Europe. Koike est le premier fabricant mondial de la plus vaste gamme de produits de d\u00e9coupe pour oxycoupage, plasma et machines de d\u00e9coupe laser. Avec plus de 100 ans d\u2019exp\u00e9rience dans l\u2019industrie, nous servons de nombreux clients industriels de premier plan qui comprennent les centres de service de l\u2019acier, les chantiers navals, les fabricants d\u2019\u00e9quipement lourd, la construction m\u00e9tallique, les centrales \u00e9lectriques, l\u2019offshore et d\u2019autres industries m\u00e9talliques.<\/strong><\/span><\/p>\n<p>[\/et_pb_text][\/et_pb_column][\/et_pb_row][et_pb_row column_structure=\u00a0\u00bb1_4,1_4,1_4,1_4&Prime; _builder_version=\u00a0\u00bb4.17.3&Prime; _module_preset=\u00a0\u00bbdefault\u00a0\u00bb global_colors_info=\u00a0\u00bb{}\u00a0\u00bb][et_pb_column type=\u00a0\u00bb1_4&Prime; _builder_version=\u00a0\u00bb4.17.3&Prime; _module_preset=\u00a0\u00bbdefault\u00a0\u00bb global_colors_info=\u00a0\u00bb{}\u00a0\u00bb][et_pb_blurb title=\u00a0\u00bbMachines CNC\u00a0\u00bb image=\u00a0\u00bbhttps:\/\/koike-europe.com\/wp-content\/uploads\/2022\/06\/1.PNC-12.png\u00a0\u00bb _builder_version=\u00a0\u00bb4.17.3&Prime; _module_preset=\u00a0\u00bbdefault\u00a0\u00bb background_enable_image=\u00a0\u00bboff\u00a0\u00bb link_option_url=\u00a0\u00bbhttps:\/\/koike-europe.com\/fr\/cnc-machines-2\/\u00a0\u00bb global_colors_info=\u00a0\u00bb{}\u00a0\u00bb]<\/p>\n<p><span>KOIKE propose trois types de machines CNC qui peuvent \u00eatre utilis\u00e9es pour diff\u00e9rentes applications. <\/span><\/p>\n<p>[\/et_pb_blurb][et_pb_button button_url=\u00a0\u00bbhttps:\/\/koike-europe.com\/fr\/cnc-machines-2\/\u00a0\u00bb button_text=\u00a0\u00bbCliquez ici\u00a0\u00bb _builder_version=\u00a0\u00bb4.17.3&Prime; _module_preset=\u00a0\u00bbdefault\u00a0\u00bb custom_button=\u00a0\u00bbon\u00a0\u00bb button_text_color=\u00a0\u00bb#000000&Prime; button_border_width=\u00a0\u00bb1px\u00a0\u00bb button_border_color=\u00a0\u00bbgcid-977341df-ce60-44ba-9229-e38434f300dd\u00a0\u00bb button_border_radius=\u00a0\u00bb0px\u00a0\u00bb custom_margin=\u00a0\u00bb|||37px|false|false\u00a0\u00bb global_colors_info=\u00a0\u00bb{%22gcid-977341df-ce60-44ba-9229-e38434f300dd%22:%91%22button_border_color%22%93}\u00a0\u00bb][\/et_pb_button][\/et_pb_column][et_pb_column type=\u00a0\u00bb1_4&Prime; _builder_version=\u00a0\u00bb4.17.3&Prime; _module_preset=\u00a0\u00bbdefault\u00a0\u00bb global_colors_info=\u00a0\u00bb{}\u00a0\u00bb][et_pb_blurb title=\u00a0\u00bbPortable de d\u00e9coupe\u00a0\u00bb image=\u00a0\u00bbhttps:\/\/koike-europe.com\/wp-content\/uploads\/2022\/04\/Handy-Auto-Plus.png\u00a0\u00bb _builder_version=\u00a0\u00bb4.17.3&Prime; _module_preset=\u00a0\u00bbdefault\u00a0\u00bb link_option_url=\u00a0\u00bbhttps:\/\/koike-europe.com\/fr\/portable-cutting-machines\/\u00a0\u00bb global_colors_info=\u00a0\u00bb{}\u00a0\u00bb]<\/p>\n<p><span>KOIKE propose une large gamme de machines de d\u00e9coupe portables qui peuvent \u00eatre utilis\u00e9es pour diverses applications.<\/span><\/p>\n<p>[\/et_pb_blurb][et_pb_button button_url=\u00a0\u00bbhttps:\/\/koike-europe.com\/fr\/portable-cutting-machines\/\u00a0\u00bb button_text=\u00a0\u00bbCliquez ici\u00a0\u00bb _builder_version=\u00a0\u00bb4.17.3&Prime; _module_preset=\u00a0\u00bbdefault\u00a0\u00bb custom_button=\u00a0\u00bbon\u00a0\u00bb button_text_color=\u00a0\u00bb#000000&Prime; button_border_width=\u00a0\u00bb1px\u00a0\u00bb button_border_color=\u00a0\u00bbgcid-977341df-ce60-44ba-9229-e38434f300dd\u00a0\u00bb button_border_radius=\u00a0\u00bb0px\u00a0\u00bb custom_margin=\u00a0\u00bb|||37px|false|false\u00a0\u00bb global_colors_info=\u00a0\u00bb{%22gcid-977341df-ce60-44ba-9229-e38434f300dd%22:%91%22button_border_color%22%93}\u00a0\u00bb][\/et_pb_button][\/et_pb_column][et_pb_column type=\u00a0\u00bb1_4&Prime; _builder_version=\u00a0\u00bb4.17.3&Prime; _module_preset=\u00a0\u00bbdefault\u00a0\u00bb global_colors_info=\u00a0\u00bb{}\u00a0\u00bb][et_pb_blurb title=\u00a0\u00bbPortable de soudage\u00a0\u00bb image=\u00a0\u00bbhttps:\/\/koike-europe.com\/wp-content\/uploads\/2022\/07\/Well-Handy-Next-with-weaving-option.png\u00a0\u00bb _builder_version=\u00a0\u00bb4.17.3&Prime; _module_preset=\u00a0\u00bbdefault\u00a0\u00bb link_option_url=\u00a0\u00bbhttps:\/\/koike-europe.com\/fr\/chariot-de-soudage\/\u00a0\u00bb global_colors_info=\u00a0\u00bb{}\u00a0\u00bb]<\/p>\n<p><span>KOIKE propose trois types de machines de soudage portables qui peuvent \u00eatre utilis\u00e9es pour diverses applications <\/span><\/p>\n<p>[\/et_pb_blurb][et_pb_button button_url=\u00a0\u00bbhttps:\/\/koike-europe.com\/fr\/chariot-de-soudage\/\u00a0\u00bb button_text=\u00a0\u00bbCliquez ici\u00a0\u00bb _builder_version=\u00a0\u00bb4.17.3&Prime; _module_preset=\u00a0\u00bbdefault\u00a0\u00bb custom_button=\u00a0\u00bbon\u00a0\u00bb button_text_color=\u00a0\u00bb#000000&Prime; button_border_width=\u00a0\u00bb1px\u00a0\u00bb button_border_color=\u00a0\u00bbgcid-977341df-ce60-44ba-9229-e38434f300dd\u00a0\u00bb button_border_radius=\u00a0\u00bb0px\u00a0\u00bb custom_margin=\u00a0\u00bb|||37px|false|false\u00a0\u00bb global_colors_info=\u00a0\u00bb{%22gcid-977341df-ce60-44ba-9229-e38434f300dd%22:%91%22button_border_color%22%93}\u00a0\u00bb][\/et_pb_button][\/et_pb_column][et_pb_column type=\u00a0\u00bb1_4&Prime; _builder_version=\u00a0\u00bb4.17.3&Prime; _module_preset=\u00a0\u00bbdefault\u00a0\u00bb global_colors_info=\u00a0\u00bb{}\u00a0\u00bb][et_pb_blurb title=\u00a0\u00bbSupport\u00a0\u00bb image=\u00a0\u00bbhttps:\/\/koike-europe.com\/wp-content\/uploads\/2022\/03\/Service-Koike_0030-blur.jpg\u00a0\u00bb _builder_version=\u00a0\u00bb4.17.3&Prime; _module_preset=\u00a0\u00bbdefault\u00a0\u00bb link_option_url=\u00a0\u00bbhttps:\/\/koike-europe.com\/fr\/support\/\u00a0\u00bb global_colors_info=\u00a0\u00bb{}\u00a0\u00bb]<\/p>\n<p><span>Les clients en priorit\u00e9! Le service et l\u2019assistance \u00e0 nos clients sera toujours l\u2019objectif principal de KOIKE.<\/span><\/p>\n<p>[\/et_pb_blurb][et_pb_button button_url=\u00a0\u00bbhttps:\/\/koike-europe.com\/fr\/support\/\u00a0\u00bb button_text=\u00a0\u00bbCliquez ici\u00a0\u00bb _builder_version=\u00a0\u00bb4.17.3&Prime; _module_preset=\u00a0\u00bbdefault\u00a0\u00bb custom_button=\u00a0\u00bbon\u00a0\u00bb button_text_color=\u00a0\u00bb#000000&Prime; button_border_width=\u00a0\u00bb1px\u00a0\u00bb button_border_color=\u00a0\u00bbgcid-977341df-ce60-44ba-9229-e38434f300dd\u00a0\u00bb button_border_radius=\u00a0\u00bb0px\u00a0\u00bb custom_margin=\u00a0\u00bb|||37px|false|false\u00a0\u00bb global_colors_info=\u00a0\u00bb{%22gcid-977341df-ce60-44ba-9229-e38434f300dd%22:%91%22button_border_color%22%93}\u00a0\u00bb][\/et_pb_button][\/et_pb_column][\/et_pb_row][\/et_pb_section][et_pb_section fb_built=\u00a0\u00bb1&Prime; specialty=\u00a0\u00bbon\u00a0\u00bb _builder_version=\u00a0\u00bb4.17.3&Prime; _module_preset=\u00a0\u00bbdefault\u00a0\u00bb custom_padding=\u00a0\u00bb||45px|||\u00a0\u00bb border_width_top=\u00a0\u00bb1px\u00a0\u00bb border_width_bottom=\u00a0\u00bb1px\u00a0\u00bb global_colors_info=\u00a0\u00bb{}\u00a0\u00bb][et_pb_column type=\u00a0\u00bb1_4&Prime; _builder_version=\u00a0\u00bb4.16&Prime; custom_padding=\u00a0\u00bb|||\u00a0\u00bb global_colors_info=\u00a0\u00bb{}\u00a0\u00bb custom_padding__hover=\u00a0\u00bb|||\u00a0\u00bb][et_pb_blurb title=\u00a0\u00bbKOIKE COMBINE UNE TECHNOLOGIE AVANC\u00c9E AVEC LES BESOINS DES CLIENTS\u00a0\u00bb image=\u00a0\u00bbhttps:\/\/koike-europe.com\/wp-content\/uploads\/2022\/01\/Koike-Logo-Horizontal-type.png\u00a0\u00bb image_icon_width=\u00a0\u00bb38%\u00a0\u00bb icon_alignment=\u00a0\u00bbleft\u00a0\u00bb _builder_version=\u00a0\u00bb4.17.3&Prime; _module_preset=\u00a0\u00bbdefault\u00a0\u00bb min_height=\u00a0\u00bb338.3px\u00a0\u00bb custom_margin=\u00a0\u00bb-81px|-31px|-46px|-117px|false|false\u00a0\u00bb custom_padding=\u00a0\u00bb6px|0px|15px|14px|false|false\u00a0\u00bb global_colors_info=\u00a0\u00bb{}\u00a0\u00bb]<\/p>\n<p><span>Advanced technology<\/span> <span>combined with<\/span> <span>face to face<\/span> <span>relationships<\/span> <span>and in-depth<\/span> <span>understanding<\/span> <span>of<\/span> <span>customer needs<\/span> <span>in the field of<\/span> <span>cutting<\/span> <span>&#8211;<\/span> <span>that&rsquo;s what<\/span> <span>Koike<\/span> as a Japanese manufacturer of oxy-fuel, plasma and laser cutting technology <span>stands for<\/span>. <span>Our customer base are<\/span> <span>companies<\/span> <span>that are active<\/span> <span>in shipbuilding<\/span>, steel construction, <span>automotive,<\/span> <span>machinery and equipment<\/span> <span>and<\/span> other metal <span>industries.<\/span> <span>They all<\/span> <span>trust on more than <\/span><span>100<\/span> <span>years of Koike\u2019s cutting expertise<\/span>.  <\/p>\n<p>[\/et_pb_blurb][\/et_pb_column][et_pb_column type=\u00a0\u00bb3_4&Prime; specialty_columns=\u00a0\u00bb3&Prime; _builder_version=\u00a0\u00bb4.16&Prime; custom_padding=\u00a0\u00bb|||\u00a0\u00bb global_colors_info=\u00a0\u00bb{}\u00a0\u00bb custom_padding__hover=\u00a0\u00bb|||\u00a0\u00bb][et_pb_row_inner column_structure=\u00a0\u00bb1_2,1_2&Prime; _builder_version=\u00a0\u00bb4.17.3&Prime; _module_preset=\u00a0\u00bbdefault\u00a0\u00bb module_alignment=\u00a0\u00bbcenter\u00a0\u00bb custom_margin=\u00a0\u00bb0px|16px||-3px|false|false\u00a0\u00bb custom_padding=\u00a0\u00bb33px|0px|25px|0px|false|false\u00a0\u00bb global_colors_info=\u00a0\u00bb{}\u00a0\u00bb][et_pb_column_inner type=\u00a0\u00bb1_2&Prime; saved_specialty_column_type=\u00a0\u00bb3_4&Prime; _builder_version=\u00a0\u00bb4.17.3&Prime; _module_preset=\u00a0\u00bbdefault\u00a0\u00bb custom_padding=\u00a0\u00bb|0px||18px|false|false\u00a0\u00bb border_width_left=\u00a0\u00bb1px\u00a0\u00bb global_colors_info=\u00a0\u00bb{}\u00a0\u00bb][et_pb_toggle title=\u00a0\u00bbTrouvez votre distributeur\u00a0\u00bb _builder_version=\u00a0\u00bb4.17.3&Prime; _module_preset=\u00a0\u00bbdefault\u00a0\u00bb link_option_url=\u00a0\u00bbhttps:\/\/koike-europe.com\/dealer-locator\/\u00a0\u00bb global_colors_info=\u00a0\u00bb{}\u00a0\u00bb][\/et_pb_toggle][et_pb_toggle title=\u00a0\u00bbCatalogue\u00a0\u00bb _builder_version=\u00a0\u00bb4.18.0&Prime; _module_preset=\u00a0\u00bbdefault\u00a0\u00bb global_colors_info=\u00a0\u00bb{}\u00a0\u00bb]<\/p>\n<p><a href=\"https:\/\/koike-europe.com\/wp-content\/uploads\/2023\/05\/Portable-Catalogue-02-23-WEB.pdf\" target=\"_blank\" rel=\"noopener\">Anglais<\/a><br \/><a href=\"https:\/\/koike-europe.com\/wp-content\/uploads\/2023\/05\/KO-Brochure-Portable-DE-25-05-23-1.pdf\" target=\"_blank\" rel=\"noopener\">Allemand<\/a><br \/><a href=\"https:\/\/koike-europe.com\/wp-content\/uploads\/2023\/05\/Portable-brochure-2023-NL.pdf\" target=\"_blank\" rel=\"noopener\">N\u00e9erlandais<br \/><\/a><a href=\"https:\/\/koike-europe.com\/wp-content\/uploads\/2022\/09\/KO-portable-brochure-FR-web.pdf\">Fran\u00e7ais<\/a><br \/><a href=\"https:\/\/koike-europe.com\/wp-content\/uploads\/2023\/05\/KO-portable-brochure-IT-2023-WEB.pdf\" target=\"_blank\" rel=\"noopener\">Italien<\/a><\/p>\n<p>[\/et_pb_toggle][et_pb_toggle title=\u00a0\u00bbConditions g\u00e9n\u00e9rales\u00a0\u00bb _builder_version=\u00a0\u00bb4.17.3&Prime; _module_preset=\u00a0\u00bbdefault\u00a0\u00bb width=\u00a0\u00bb100%\u00a0\u00bb global_colors_info=\u00a0\u00bb{}\u00a0\u00bb]<\/p>\n<p><a href=\"https:\/\/koike-europe.com\/wp-content\/uploads\/2022\/09\/Metaalunievoorwaarden-2019-Engels.pdf\">Anglais<\/a><br \/><a href=\"https:\/\/koike-europe.com\/wp-content\/uploads\/2022\/09\/Metaalunievoorwaarden-2019-Duits.pdf\">Allemand<\/a><br \/><a href=\"https:\/\/koike-europe.com\/wp-content\/uploads\/2022\/09\/Metaalunievoorwaarden-2019-Nederlands-1.pdf\">N\u00e9erlandais<\/a><br \/><a href=\"https:\/\/koike-europe.com\/wp-content\/uploads\/2022\/09\/Metaalunievoorwaarden-2019-Frans.pdf\">Fran\u00e7ais<\/a><br \/><a href=\"https:\/\/koike-europe.com\/wp-content\/uploads\/2022\/09\/Metaalunievoorwaarden-2019-Spaans-1.pdf\">Espagnol<\/a><\/p>\n<p>[\/et_pb_toggle][\/et_pb_column_inner][et_pb_column_inner type=\u00a0\u00bb1_2&Prime; saved_specialty_column_type=\u00a0\u00bb3_4&Prime; _builder_version=\u00a0\u00bb4.17.3&Prime; _module_preset=\u00a0\u00bbdefault\u00a0\u00bb global_colors_info=\u00a0\u00bb{}\u00a0\u00bb][et_pb_text _builder_version=\u00a0\u00bb4.17.3&Prime; _module_preset=\u00a0\u00bbdefault\u00a0\u00bb width=\u00a0\u00bb100%\u00a0\u00bb border_width_left=\u00a0\u00bb1px\u00a0\u00bb global_colors_info=\u00a0\u00bb{}\u00a0\u00bb]<\/p>\n<p style=\"padding-left: 40px;\"><strong>KOIKE Europe B.V.<\/strong><\/p>\n<p style=\"padding-left: 40px;\">Grote Tocht 19<br \/>1507 CG Zaandam<br \/>The Netherlands<\/p>\n<p style=\"padding-left: 40px;\">T: +31 (0)75 612 72 27<br \/>E: <a href=\"mailto:info@koike-europe.com\">info@koike-europe.com<\/a><\/p>\n<p style=\"padding-left: 40px;\"><a href=\"https:\/\/www.linkedin.com\/company\/koike-europe-bv\"><img data-recalc-dims=\"1\" loading=\"lazy\" decoding=\"async\" src=\"https:\/\/i0.wp.com\/koike-europe.com\/wp-content\/uploads\/2022\/09\/LinkedIn-Logo.jpg?resize=43%2C44&#038;ssl=1\" width=\"43\" height=\"44\" alt=\"\" class=\"wp-image-9792 alignnone size-full\"><\/a> <a href=\"https:\/\/nl-nl.facebook.com\/KoikeEurope\/\"><img data-recalc-dims=\"1\" loading=\"lazy\" decoding=\"async\" src=\"https:\/\/i0.wp.com\/koike-europe.com\/wp-content\/uploads\/2022\/09\/Facebook-Logo.jpg?resize=44%2C43&#038;ssl=1\" width=\"44\" height=\"43\" alt=\"\" class=\"wp-image-9791 alignnone size-full\"><\/a><\/p>\n<p>[\/et_pb_text][\/et_pb_column_inner][\/et_pb_row_inner][\/et_pb_column][\/et_pb_section]<\/p>\n","protected":false},"excerpt":{"rendered":"<p>BIENVENUE DANS KOIKE EUROPEBienvenue dans le monde de Koike Europe. Koike est le premier fabricant mondial de la plus vaste gamme de produits de d\u00e9coupe pour oxycoupage, plasma et machines de d\u00e9coupe laser. Avec plus de 100 ans d\u2019exp\u00e9rience dans l\u2019industrie, nous servons de nombreux clients industriels de premier plan qui comprennent les centres de [&hellip;]<\/p>\n","protected":false},"author":216407903,"featured_media":0,"parent":0,"menu_order":0,"comment_status":"closed","ping_status":"closed","template":"","meta":{"_et_pb_use_builder":"on","_et_pb_old_content":"","_et_gb_content_width":"","advanced_seo_description":"","jetpack_seo_html_title":"","jetpack_seo_noindex":false,"footnotes":""},"class_list":["post-17988","page","type-page","status-publish","hentry"],"jetpack_likes_enabled":true,"jetpack_sharing_enabled":true,"jetpack_shortlink":"https:\/\/wp.me\/PdFXf2-4G8","_links":{"self":[{"href":"https:\/\/koike-europe.com\/fr\/wp-json\/wp\/v2\/pages\/17988","targetHints":{"allow":["GET"]}}],"collection":[{"href":"https:\/\/koike-europe.com\/fr\/wp-json\/wp\/v2\/pages"}],"about":[{"href":"https:\/\/koike-europe.com\/fr\/wp-json\/wp\/v2\/types\/page"}],"author":[{"embeddable":true,"href":"https:\/\/koike-europe.com\/fr\/wp-json\/wp\/v2\/users\/216407903"}],"replies":[{"embeddable":true,"href":"https:\/\/koike-europe.com\/fr\/wp-json\/wp\/v2\/comments?post=17988"}],"version-history":[{"count":9,"href":"https:\/\/koike-europe.com\/fr\/wp-json\/wp\/v2\/pages\/17988\/revisions"}],"predecessor-version":[{"id":19751,"href":"https:\/\/koike-europe.com\/fr\/wp-json\/wp\/v2\/pages\/17988\/revisions\/19751"}],"wp:attachment":[{"href":"https:\/\/koike-europe.com\/fr\/wp-json\/wp\/v2\/media?parent=17988"}],"curies":[{"name":"wp","href":"https:\/\/api.w.org\/{rel}","templated":true}]}}