{"id":18119,"date":"2022-03-22T11:15:20","date_gmt":"2022-03-22T10:15:20","guid":{"rendered":"https:\/\/koike-europe.com\/support\/"},"modified":"2024-09-19T09:58:11","modified_gmt":"2024-09-19T07:58:11","slug":"support","status":"publish","type":"page","link":"https:\/\/koike-europe.com\/fr\/support\/","title":{"rendered":"Support"},"content":{"rendered":"<p>[et_pb_section fb_built=\u00a0\u00bb1&Prime; custom_padding_last_edited=\u00a0\u00bbon|tablet\u00a0\u00bb next_background_color=\u00a0\u00bb#ffffff\u00a0\u00bb admin_label=\u00a0\u00bbHero\u00a0\u00bb _builder_version=\u00a0\u00bb4.17.3&Prime; background_image=\u00a0\u00bbhttps:\/\/koike-europe.com\/wp-content\/uploads\/2022\/06\/Service-Koike_0030-blur-recht.jpg\u00a0\u00bb background_enable_image=\u00a0\u00bbon\u00a0\u00bb background_size=\u00a0\u00bbcover\u00a0\u00bb height=\u00a0\u00bb500px\u00a0\u00bb custom_margin=\u00a0\u00bb0px|||\u00a0\u00bb custom_padding=\u00a0\u00bb0px|10%|0px|10%|true|true\u00a0\u00bb custom_padding_tablet=\u00a0\u00bb|30px||30px||true\u00a0\u00bb custom_padding_phone=\u00a0\u00bb|||||true\u00a0\u00bb bottom_divider_style=\u00a0\u00bbarrow\u00a0\u00bb locked=\u00a0\u00bboff\u00a0\u00bb global_colors_info=\u00a0\u00bb{}\u00a0\u00bb][et_pb_row column_structure=\u00a0\u00bb2_3,1_3&Prime; padding_top_bottom_link_1=\u00a0\u00bbtrue\u00a0\u00bb padding_left_right_link_1=\u00a0\u00bbtrue\u00a0\u00bb _builder_version=\u00a0\u00bb4.17.3&Prime; background_size=\u00a0\u00bbinitial\u00a0\u00bb background_position=\u00a0\u00bbtop_left\u00a0\u00bb width=\u00a0\u00bb100%\u00a0\u00bb max_width=\u00a0\u00bb100%\u00a0\u00bb min_height=\u00a0\u00bb500px\u00a0\u00bb height=\u00a0\u00bb500px\u00a0\u00bb max_height=\u00a0\u00bb500px\u00a0\u00bb custom_margin=\u00a0\u00bb|auto|-209px|auto||\u00a0\u00bb custom_padding=\u00a0\u00bb0||0px||false|false\u00a0\u00bb use_custom_width=\u00a0\u00bbon\u00a0\u00bb width_unit=\u00a0\u00bboff\u00a0\u00bb custom_width_percent=\u00a0\u00bb100%\u00a0\u00bb global_colors_info=\u00a0\u00bb{}\u00a0\u00bb][et_pb_column type=\u00a0\u00bb2_3&Prime; _builder_version=\u00a0\u00bb4.17.3&Prime; use_background_color_gradient=\u00a0\u00bbon\u00a0\u00bb background_color_gradient_stops=\u00a0\u00bbrgba(0,0,0,0.12) 0%|rgba(255,255,255,0) 100%\u00a0\u00bb background_color_gradient_start=\u00a0\u00bbrgba(0,0,0,0.12)\u00a0\u00bb background_color_gradient_end=\u00a0\u00bbrgba(255,255,255,0)\u00a0\u00bb custom_padding=\u00a0\u00bb11vw|40px|6px|40px|false|false\u00a0\u00bb custom_padding_tablet=\u00a0\u00bb|||\u00a0\u00bb custom_padding_phone=\u00a0\u00bb|10px||10px||true\u00a0\u00bb custom_padding_last_edited=\u00a0\u00bbon|desktop\u00a0\u00bb global_colors_info=\u00a0\u00bb{}\u00a0\u00bb padding_phone=\u00a0\u00bb|10px||10px||true\u00a0\u00bb padding_tablet=\u00a0\u00bb|||\u00a0\u00bb padding_last_edited=\u00a0\u00bbon|desktop\u00a0\u00bb custom_padding__hover=\u00a0\u00bb|||\u00a0\u00bb][et_pb_text _builder_version=\u00a0\u00bb4.17.3&Prime; text_font=\u00a0\u00bbLato||||||||\u00a0\u00bb text_font_size=\u00a0\u00bb20px\u00a0\u00bb text_line_height=\u00a0\u00bb1.8em\u00a0\u00bb header_font=\u00a0\u00bbTeko|500||on|||||\u00a0\u00bb header_font_size=\u00a0\u00bb9vw\u00a0\u00bb header_letter_spacing=\u00a0\u00bb0.05em\u00a0\u00bb header_line_height=\u00a0\u00bb0.9em\u00a0\u00bb background_layout=\u00a0\u00bbdark\u00a0\u00bb custom_margin=\u00a0\u00bb-125px|-10vw|0px||false|false\u00a0\u00bb custom_margin_tablet=\u00a0\u00bb|0vw||\u00a0\u00bb custom_margin_phone=\u00a0\u00bb|-5vw||\u00a0\u00bb custom_margin_last_edited=\u00a0\u00bbon|tablet\u00a0\u00bb animation_style=\u00a0\u00bbzoom\u00a0\u00bb animation_delay=\u00a0\u00bb100ms\u00a0\u00bb animation_intensity_zoom=\u00a0\u00bb10%\u00a0\u00bb header_font_size_tablet=\u00a0\u00bb\u00a0\u00bb header_font_size_phone=\u00a0\u00bb\u00a0\u00bb header_font_size_last_edited=\u00a0\u00bbon|phone\u00a0\u00bb header_line_height_tablet=\u00a0\u00bb\u00a0\u00bb header_line_height_phone=\u00a0\u00bb1.2em\u00a0\u00bb header_line_height_last_edited=\u00a0\u00bbon|phone\u00a0\u00bb header_text_shadow_style=\u00a0\u00bbpreset1&Prime; header_text_shadow_vertical_length=\u00a0\u00bb0.18em\u00a0\u00bb header_text_shadow_blur_strength=\u00a0\u00bb0.27em\u00a0\u00bb header_text_shadow_color=\u00a0\u00bbrgba(0,0,0,0.38)\u00a0\u00bb global_colors_info=\u00a0\u00bb{}\u00a0\u00bb]<\/p>\n<h1><\/h1>\n<h1>SUPPORT &amp;<br \/>APR\u00c8S-VENTE<\/h1>\n<p>&nbsp;<\/p>\n<p>[\/et_pb_text][\/et_pb_column][et_pb_column type=\u00a0\u00bb1_3&Prime; _builder_version=\u00a0\u00bb4.16&Prime; custom_padding=\u00a0\u00bb|||\u00a0\u00bb global_colors_info=\u00a0\u00bb{}\u00a0\u00bb custom_padding__hover=\u00a0\u00bb|||\u00a0\u00bb][\/et_pb_column][\/et_pb_row][\/et_pb_section][et_pb_section fb_built=\u00a0\u00bb1&Prime; admin_label=\u00a0\u00bbAbout Us\u00a0\u00bb _builder_version=\u00a0\u00bb4.17.3&Prime; custom_padding=\u00a0\u00bb33px|0px||0px|false|false\u00a0\u00bb global_colors_info=\u00a0\u00bb{}\u00a0\u00bb][et_pb_row _builder_version=\u00a0\u00bb4.17.3&Prime; _module_preset=\u00a0\u00bbdefault\u00a0\u00bb global_colors_info=\u00a0\u00bb{}\u00a0\u00bb][et_pb_column type=\u00a0\u00bb4_4&Prime; _builder_version=\u00a0\u00bb4.17.3&Prime; _module_preset=\u00a0\u00bbdefault\u00a0\u00bb global_colors_info=\u00a0\u00bb{}\u00a0\u00bb][et_pb_text _builder_version=\u00a0\u00bb4.17.3&Prime; _module_preset=\u00a0\u00bbdefault\u00a0\u00bb global_colors_info=\u00a0\u00bb{}\u00a0\u00bb]<\/p>\n<h2>Support apr\u00e8s-vente<\/h2>\n<p><span>Les clients en priorit\u00e9! Le service et l\u2019assistance \u00e0 nos clients constituent toujours le premier objectif de KOIKE. Nous visons la continuit\u00e9 de la production des clients et leur offrons le support n\u00e9cessaire \u00e0 travers le service d\u2019assistance et les interventions sur le terrain. Nous disposons d\u2019\u00e9quipes de service qui peuvent se d\u00e9ployer dans tout notre territoire de vente et nous travaillons avec des partenaires certifi\u00e9s qui peuvent r\u00e9soudre les probl\u00e8mes de services au niveau local.<br \/>Pour obtenir des informations g\u00e9n\u00e9rales, contactez: service@koike-europe.com. Veuillez nous envoyer votre demande d\u2019assistance locale.<br \/><\/span><span>KOIKE fournit vos consommables et pi\u00e8ces de rechange \u00e0 partir du stock. En effet, nous disposons de grandes quantit\u00e9s de consommables et de pi\u00e8ces de rechange dans nos installations d\u2019entreposage. L\u2019envoi rapide est notre objectif!<\/span><\/p>\n<p><b>\u00c9cole de formation KOIKE en coupe<\/b><br \/><span>Les op\u00e9rateurs qualifi\u00e9s contribuent \u00e0 accro\u00eetre l\u2019efficacit\u00e9 de production de vos machines. KOIKE peut fournir \u00e0 votre soci\u00e9t\u00e9 une formation sur les machines de coupe, la ma\u00eetrise des diff\u00e9rents proc\u00e9d\u00e9s de coupe et le d\u00e9veloppement des comp\u00e9tences gr\u00e2ce au logiciel d\u2019imbrication CAD\/CAM. Nous proposons \u00e9galement des modules de formation en entretien pour votre personnel.<\/span><\/p>\n<p>[\/et_pb_text][\/et_pb_column][\/et_pb_row][\/et_pb_section][et_pb_section fb_built=\u00a0\u00bb1&Prime; custom_padding_last_edited=\u00a0\u00bbon|phone\u00a0\u00bb admin_label=\u00a0\u00bbOur History\u00a0\u00bb _builder_version=\u00a0\u00bb4.18.0&Prime; use_background_color_gradient=\u00a0\u00bbon\u00a0\u00bb background_color_gradient_stops=\u00a0\u00bbrgba(27,31,37,0.3) 0%|rgba(27, 31, 37, 0.52) 43%|#1b1f25 100%\u00a0\u00bb background_color_gradient_overlays_image=\u00a0\u00bbon\u00a0\u00bb background_color_gradient_start=\u00a0\u00bbrgba(27,31,37,0.3)\u00a0\u00bb background_color_gradient_end=\u00a0\u00bb#1b1f25&Prime; background_image=\u00a0\u00bbhttps:\/\/koike-europe.com\/wp-content\/uploads\/2022\/03\/car-dealer-06.jpg\u00a0\u00bb width=\u00a0\u00bb100%\u00a0\u00bb max_width=\u00a0\u00bb100%\u00a0\u00bb min_height=\u00a0\u00bb1033.2px\u00a0\u00bb custom_margin=\u00a0\u00bb0px||-100px||false|false\u00a0\u00bb custom_padding=\u00a0\u00bb100px|0px|0px|0px|false|false\u00a0\u00bb custom_padding_tablet=\u00a0\u00bb|||\u00a0\u00bb custom_padding_phone=\u00a0\u00bb100px|||\u00a0\u00bb top_divider_height_tablet=\u00a0\u00bb\u00a0\u00bb top_divider_height_phone=\u00a0\u00bb50px\u00a0\u00bb top_divider_height_last_edited=\u00a0\u00bbon|phone\u00a0\u00bb bottom_divider_color=\u00a0\u00bb#575757&Prime; bottom_divider_height=\u00a0\u00bb150px\u00a0\u00bb box_shadow_style=\u00a0\u00bbpreset7&Prime; box_shadow_horizontal=\u00a0\u00bb0px\u00a0\u00bb box_shadow_vertical=\u00a0\u00bb-150px\u00a0\u00bb box_shadow_color=\u00a0\u00bb#ffffff\u00a0\u00bb locked=\u00a0\u00bboff\u00a0\u00bb global_colors_info=\u00a0\u00bb{}\u00a0\u00bb][et_pb_row column_structure=\u00a0\u00bb1_2,1_2&Prime; _builder_version=\u00a0\u00bb4.17.3&Prime; _module_preset=\u00a0\u00bbdefault\u00a0\u00bb background_color=\u00a0\u00bb#FCFCFC\u00a0\u00bb custom_padding=\u00a0\u00bb||0px|||\u00a0\u00bb global_colors_info=\u00a0\u00bb{}\u00a0\u00bb][et_pb_column type=\u00a0\u00bb1_2&Prime; _builder_version=\u00a0\u00bb4.17.3&Prime; _module_preset=\u00a0\u00bbdefault\u00a0\u00bb global_colors_info=\u00a0\u00bb{}\u00a0\u00bb][et_pb_text admin_label=\u00a0\u00bbTitle\u00a0\u00bb _builder_version=\u00a0\u00bb4.17.3&Prime; text_font=\u00a0\u00bbLato||||||||\u00a0\u00bb text_font_size=\u00a0\u00bb20px\u00a0\u00bb text_line_height=\u00a0\u00bb1.8em\u00a0\u00bb header_font=\u00a0\u00bb||||||||\u00a0\u00bb header_2_font=\u00a0\u00bbTeko||||||||\u00a0\u00bb header_2_font_size=\u00a0\u00bb96px\u00a0\u00bb text_orientation=\u00a0\u00bbcenter\u00a0\u00bb max_width=\u00a0\u00bb700px\u00a0\u00bb module_alignment=\u00a0\u00bbcenter\u00a0\u00bb custom_margin=\u00a0\u00bb||0px|\u00a0\u00bb header_2_font_size_tablet=\u00a0\u00bb66px\u00a0\u00bb header_2_font_size_phone=\u00a0\u00bb36px\u00a0\u00bb header_2_font_size_last_edited=\u00a0\u00bbon|phone\u00a0\u00bb global_colors_info=\u00a0\u00bb{}\u00a0\u00bb]<\/p>\n<h2><span style=\"font-size: xx-large;\">Entrep\u00f4t de stockage de 2000 m2<\/span><\/h2>\n<p>[\/et_pb_text][et_pb_text _builder_version=\u00a0\u00bb4.17.3&Prime; _module_preset=\u00a0\u00bbdefault\u00a0\u00bb custom_margin=\u00a0\u00bb|||50px|false|false\u00a0\u00bb global_colors_info=\u00a0\u00bb{}\u00a0\u00bb]<\/p>\n<p>L\u2019installation et la formation font partie de nos services mais cela ne s\u2019arr\u00eate pas l\u00e0. Nos techniciens de service seront disponibles pour vous aider \u00e0 distance en cas de questions. En cas de demande de consommable plasma\/oxycoupage et pi\u00e8ces de rechange, la plupart sont disponibles en stock \u00e0 Zaandam (Pays-Bas).<\/p>\n<p>[\/et_pb_text][et_pb_text admin_label=\u00a0\u00bbTitle\u00a0\u00bb _builder_version=\u00a0\u00bb4.18.0&Prime; text_font=\u00a0\u00bbLato||||||||\u00a0\u00bb text_font_size=\u00a0\u00bb20px\u00a0\u00bb text_line_height=\u00a0\u00bb1.8em\u00a0\u00bb header_font=\u00a0\u00bb||||||||\u00a0\u00bb header_2_font=\u00a0\u00bbTeko||||||||\u00a0\u00bb header_2_font_size=\u00a0\u00bb96px\u00a0\u00bb text_orientation=\u00a0\u00bbcenter\u00a0\u00bb max_width=\u00a0\u00bb700px\u00a0\u00bb module_alignment=\u00a0\u00bbcenter\u00a0\u00bb custom_margin=\u00a0\u00bb||0px|\u00a0\u00bb hover_enabled=\u00a0\u00bb0&Prime; header_2_font_size_tablet=\u00a0\u00bb66px\u00a0\u00bb header_2_font_size_phone=\u00a0\u00bb36px\u00a0\u00bb header_2_font_size_last_edited=\u00a0\u00bbon|phone\u00a0\u00bb global_colors_info=\u00a0\u00bb{}\u00a0\u00bb sticky_enabled=\u00a0\u00bb0&Prime;]<\/p>\n<h2><span style=\"font-size: xx-large;\">Assistance \u00e0 distance avec TeamViewer<\/span><\/h2>\n<p>[\/et_pb_text][et_pb_button button_url=\u00a0\u00bbhttps:\/\/koike-europe.com\/wp-content\/uploads\/2022\/09\/TeamViewerQS_KOIKE-1.zip\u00a0\u00bb url_new_window=\u00a0\u00bbon\u00a0\u00bb button_text=\u00a0\u00bbTeamViewer\u00a0\u00bb _builder_version=\u00a0\u00bb4.17.3&Prime; _module_preset=\u00a0\u00bbdefault\u00a0\u00bb custom_button=\u00a0\u00bbon\u00a0\u00bb button_text_color=\u00a0\u00bb#fcfcfc\u00a0\u00bb button_bg_color=\u00a0\u00bb#e2001a\u00a0\u00bb button_border_width=\u00a0\u00bb0px\u00a0\u00bb button_border_radius=\u00a0\u00bb0px\u00a0\u00bb button_letter_spacing=\u00a0\u00bb3px\u00a0\u00bb button_font=\u00a0\u00bbTeko||||||||\u00a0\u00bb button_icon=\u00a0\u00bb&#x24;||divi||400&Prime; custom_margin=\u00a0\u00bb|||50px|false|false\u00a0\u00bb global_colors_info=\u00a0\u00bb{}\u00a0\u00bb][\/et_pb_button][et_pb_button button_url=\u00a0\u00bbhttps:\/\/koike-europe.com\/wp-content\/uploads\/2022\/09\/TeamViewerQS14-2.zip\u00a0\u00bb url_new_window=\u00a0\u00bbon\u00a0\u00bb button_text=\u00a0\u00bbTeamViewer for Windows XP\u00a0\u00bb _builder_version=\u00a0\u00bb4.17.3&Prime; _module_preset=\u00a0\u00bbdefault\u00a0\u00bb custom_button=\u00a0\u00bbon\u00a0\u00bb button_text_color=\u00a0\u00bb#fcfcfc\u00a0\u00bb button_bg_color=\u00a0\u00bb#e2001a\u00a0\u00bb button_border_width=\u00a0\u00bb0px\u00a0\u00bb button_border_radius=\u00a0\u00bb0px\u00a0\u00bb button_letter_spacing=\u00a0\u00bb3px\u00a0\u00bb button_font=\u00a0\u00bbTeko||||||||\u00a0\u00bb button_icon=\u00a0\u00bb&#x24;||divi||400&Prime; custom_margin=\u00a0\u00bb|||50px|false|false\u00a0\u00bb global_colors_info=\u00a0\u00bb{}\u00a0\u00bb][\/et_pb_button][\/et_pb_column][et_pb_column type=\u00a0\u00bb1_2&Prime; _builder_version=\u00a0\u00bb4.17.3&Prime; _module_preset=\u00a0\u00bbdefault\u00a0\u00bb custom_padding=\u00a0\u00bb0px||81px|38px|false|false\u00a0\u00bb global_colors_info=\u00a0\u00bb{}\u00a0\u00bb][et_pb_image src=\u00a0\u00bbhttps:\/\/koike-europe.com\/wp-content\/uploads\/2022\/03\/Warehouse-Koike_0062-e1649409442239.jpg\u00a0\u00bb title_text=\u00a0\u00bbWarehouse Koike_0062&Prime; _builder_version=\u00a0\u00bb4.17.3&Prime; _module_preset=\u00a0\u00bbdefault\u00a0\u00bb custom_margin=\u00a0\u00bb|50px|||false|false\u00a0\u00bb global_colors_info=\u00a0\u00bb{}\u00a0\u00bb][\/et_pb_image][\/et_pb_column][\/et_pb_row][\/et_pb_section][et_pb_section fb_built=\u00a0\u00bb1&Prime; specialty=\u00a0\u00bbon\u00a0\u00bb _builder_version=\u00a0\u00bb4.17.3&Prime; _module_preset=\u00a0\u00bbdefault\u00a0\u00bb custom_padding=\u00a0\u00bb||45px|||\u00a0\u00bb border_width_top=\u00a0\u00bb1px\u00a0\u00bb border_width_bottom=\u00a0\u00bb1px\u00a0\u00bb global_colors_info=\u00a0\u00bb{}\u00a0\u00bb][et_pb_column type=\u00a0\u00bb1_4&Prime; _builder_version=\u00a0\u00bb4.16&Prime; custom_padding=\u00a0\u00bb|||\u00a0\u00bb global_colors_info=\u00a0\u00bb{}\u00a0\u00bb custom_padding__hover=\u00a0\u00bb|||\u00a0\u00bb][et_pb_blurb title=\u00a0\u00bbKOIKE COMBINES ADVANCED TECHNOLOGY WITH CUSTOMER NEEDS\u00a0\u00bb image=\u00a0\u00bbhttps:\/\/koike-europe.com\/wp-content\/uploads\/2022\/01\/Koike-Logo-Horizontal-type.png\u00a0\u00bb image_icon_width=\u00a0\u00bb38%\u00a0\u00bb icon_alignment=\u00a0\u00bbleft\u00a0\u00bb _builder_version=\u00a0\u00bb4.17.3&Prime; _module_preset=\u00a0\u00bbdefault\u00a0\u00bb min_height=\u00a0\u00bb338.3px\u00a0\u00bb custom_margin=\u00a0\u00bb-81px|-31px|-46px|-117px|false|false\u00a0\u00bb custom_padding=\u00a0\u00bb6px|0px|15px|14px|false|false\u00a0\u00bb global_colors_info=\u00a0\u00bb{}\u00a0\u00bb]<\/p>\n<p><span>Advanced technology<\/span> <span>combined with<\/span> <span>face to face<\/span> <span>relationships<\/span> <span>and in-depth<\/span> <span>understanding<\/span> <span>of<\/span> <span>customer needs<\/span> <span>in the field of<\/span> <span>cutting<\/span> <span>&#8211;<\/span> <span>that&rsquo;s what<\/span> <span>Koike<\/span> as a Japanese manufacturer of oxy-fuel, plasma and laser cutting technology <span>stands for<\/span>. <span>Our customer base are<\/span> <span>companies<\/span> <span>that are active<\/span> <span>in shipbuilding<\/span>, steel construction, <span>automotive,<\/span> <span>machinery and equipment<\/span> <span>and<\/span> other metal <span>industries.<\/span> <span>They all<\/span> <span>trust on more than <\/span><span>100<\/span> <span>years of Koike\u2019s cutting expertise<\/span>.  <\/p>\n<p>[\/et_pb_blurb][\/et_pb_column][et_pb_column type=\u00a0\u00bb3_4&Prime; specialty_columns=\u00a0\u00bb3&Prime; _builder_version=\u00a0\u00bb4.16&Prime; custom_padding=\u00a0\u00bb|||\u00a0\u00bb global_colors_info=\u00a0\u00bb{}\u00a0\u00bb custom_padding__hover=\u00a0\u00bb|||\u00a0\u00bb][et_pb_row_inner column_structure=\u00a0\u00bb1_2,1_2&Prime; _builder_version=\u00a0\u00bb4.17.3&Prime; _module_preset=\u00a0\u00bbdefault\u00a0\u00bb module_alignment=\u00a0\u00bbcenter\u00a0\u00bb custom_margin=\u00a0\u00bb0px|16px||-3px|false|false\u00a0\u00bb custom_padding=\u00a0\u00bb33px|0px|25px|0px|false|false\u00a0\u00bb global_colors_info=\u00a0\u00bb{}\u00a0\u00bb][et_pb_column_inner type=\u00a0\u00bb1_2&Prime; saved_specialty_column_type=\u00a0\u00bb3_4&Prime; _builder_version=\u00a0\u00bb4.17.3&Prime; _module_preset=\u00a0\u00bbdefault\u00a0\u00bb custom_padding=\u00a0\u00bb|0px||18px|false|false\u00a0\u00bb border_width_left=\u00a0\u00bb1px\u00a0\u00bb global_colors_info=\u00a0\u00bb{}\u00a0\u00bb][et_pb_toggle title=\u00a0\u00bbfind your distributor\u00a0\u00bb _builder_version=\u00a0\u00bb4.17.3&Prime; _module_preset=\u00a0\u00bbdefault\u00a0\u00bb link_option_url=\u00a0\u00bbhttps:\/\/koike-europe.com\/dealer-locator\/\u00a0\u00bb global_colors_info=\u00a0\u00bb{}\u00a0\u00bb][\/et_pb_toggle][et_pb_toggle title=\u00a0\u00bbCatalogue\u00a0\u00bb _builder_version=\u00a0\u00bb4.17.3&Prime; _module_preset=\u00a0\u00bbdefault\u00a0\u00bb global_colors_info=\u00a0\u00bb{}\u00a0\u00bb]<\/p>\n<p><a href=\"https:\/\/koike-europe.com\/wp-content\/uploads\/2022\/09\/KOIKE-Portables-Catalogue-English-V1-Feb.-2020.pdf\">l&rsquo; anglais<\/a><br \/><a href=\"https:\/\/koike-europe.com\/wp-content\/uploads\/2022\/09\/KO-portable-brochure-DE-web-21-09.pdf\">l&rsquo; Allemand<\/a><br \/><a href=\"https:\/\/koike-europe.com\/wp-content\/uploads\/2022\/09\/KO-portable-brochure-NL-15-07-web.pdf\">l&rsquo; hollandais<\/a><br \/><a href=\"https:\/\/koike-europe.com\/wp-content\/uploads\/2022\/09\/KO-portable-brochure-FR-web.pdf\">Le fran\u00e7ais<\/a><br \/><a href=\"https:\/\/koike-europe.com\/wp-content\/uploads\/2022\/09\/KO-portable-brochure-IT-13-04-web.pdf\">l&rsquo; italien<\/a><\/p>\n<p>[\/et_pb_toggle][et_pb_toggle title=\u00a0\u00bbTerms &amp; Conditions\u00a0\u00bb _builder_version=\u00a0\u00bb4.17.3&Prime; _module_preset=\u00a0\u00bbdefault\u00a0\u00bb width=\u00a0\u00bb100%\u00a0\u00bb global_colors_info=\u00a0\u00bb{}\u00a0\u00bb]<\/p>\n<p><a href=\"https:\/\/koike-europe.com\/wp-content\/uploads\/2022\/09\/Metaalunievoorwaarden-2019-Engels.pdf\">l&rsquo; anglais<\/a><br \/><a href=\"https:\/\/koike-europe.com\/wp-content\/uploads\/2022\/09\/Metaalunievoorwaarden-2019-Duits.pdf\">l&rsquo; Allemand<\/a><br \/><a href=\"https:\/\/koike-europe.com\/wp-content\/uploads\/2022\/09\/Metaalunievoorwaarden-2019-Nederlands-1.pdf\">l&rsquo; hollandais<\/a><br \/><a href=\"https:\/\/koike-europe.com\/wp-content\/uploads\/2022\/09\/Metaalunievoorwaarden-2019-Frans.pdf\">Le fran\u00e7ais<\/a><br \/><a href=\"https:\/\/koike-europe.com\/wp-content\/uploads\/2022\/09\/Metaalunievoorwaarden-2019-Spaans-1.pdf\">l&rsquo; espagnol<\/a><\/p>\n<p>[\/et_pb_toggle][\/et_pb_column_inner][et_pb_column_inner type=\u00a0\u00bb1_2&Prime; saved_specialty_column_type=\u00a0\u00bb3_4&Prime; _builder_version=\u00a0\u00bb4.17.3&Prime; _module_preset=\u00a0\u00bbdefault\u00a0\u00bb global_colors_info=\u00a0\u00bb{}\u00a0\u00bb][et_pb_text _builder_version=\u00a0\u00bb4.17.3&Prime; _module_preset=\u00a0\u00bbdefault\u00a0\u00bb width=\u00a0\u00bb100%\u00a0\u00bb border_width_left=\u00a0\u00bb1px\u00a0\u00bb global_colors_info=\u00a0\u00bb{}\u00a0\u00bb]<\/p>\n<p style=\"padding-left: 40px;\"><strong>KOIKE Europe B.V.<\/strong><\/p>\n<p style=\"padding-left: 40px;\">Grote Tocht 19<br \/>1507 CG Zaandam<br \/>The Netherlands<\/p>\n<p style=\"padding-left: 40px;\">T: +31 (0)75 612 72 27<br \/>E: <a href=\"mailto:info@koike-europe.com\">info@koike-europe.com<\/a><\/p>\n<p style=\"padding-left: 40px;\"><a href=\"https:\/\/www.linkedin.com\/company\/koike-europe-bv\"><img data-recalc-dims=\"1\" loading=\"lazy\" decoding=\"async\" src=\"https:\/\/i0.wp.com\/koike-europe.com\/wp-content\/uploads\/2022\/09\/LinkedIn-Logo.jpg?resize=43%2C44&#038;ssl=1\" width=\"43\" height=\"44\" alt=\"\" class=\"wp-image-9792 alignnone size-full\"><\/a> <a href=\"https:\/\/nl-nl.facebook.com\/KoikeEurope\/\"><img data-recalc-dims=\"1\" loading=\"lazy\" decoding=\"async\" src=\"https:\/\/i0.wp.com\/koike-europe.com\/wp-content\/uploads\/2022\/09\/Facebook-Logo.jpg?resize=44%2C43&#038;ssl=1\" width=\"44\" height=\"43\" alt=\"\" class=\"wp-image-9791 alignnone size-full\"><\/a><\/p>\n<p>[\/et_pb_text][\/et_pb_column_inner][\/et_pb_row_inner][\/et_pb_column][\/et_pb_section]<\/p>\n","protected":false},"excerpt":{"rendered":"<p>SUPPORT &amp;APR\u00c8S-VENTE &nbsp;Support apr\u00e8s-vente Les clients en priorit\u00e9! Le service et l\u2019assistance \u00e0 nos clients constituent toujours le premier objectif de KOIKE. Nous visons la continuit\u00e9 de la production des clients et leur offrons le support n\u00e9cessaire \u00e0 travers le service d\u2019assistance et les interventions sur le terrain. Nous disposons d\u2019\u00e9quipes de service qui peuvent [&hellip;]<\/p>\n","protected":false},"author":216407903,"featured_media":0,"parent":0,"menu_order":0,"comment_status":"closed","ping_status":"closed","template":"","meta":{"_et_pb_use_builder":"on","_et_pb_old_content":"","_et_gb_content_width":"","advanced_seo_description":"","jetpack_seo_html_title":"","jetpack_seo_noindex":false,"footnotes":""},"class_list":["post-18119","page","type-page","status-publish","hentry"],"jetpack_likes_enabled":true,"jetpack_sharing_enabled":true,"jetpack_shortlink":"https:\/\/wp.me\/PdFXf2-4If","_links":{"self":[{"href":"https:\/\/koike-europe.com\/fr\/wp-json\/wp\/v2\/pages\/18119","targetHints":{"allow":["GET"]}}],"collection":[{"href":"https:\/\/koike-europe.com\/fr\/wp-json\/wp\/v2\/pages"}],"about":[{"href":"https:\/\/koike-europe.com\/fr\/wp-json\/wp\/v2\/types\/page"}],"author":[{"embeddable":true,"href":"https:\/\/koike-europe.com\/fr\/wp-json\/wp\/v2\/users\/216407903"}],"replies":[{"embeddable":true,"href":"https:\/\/koike-europe.com\/fr\/wp-json\/wp\/v2\/comments?post=18119"}],"version-history":[{"count":5,"href":"https:\/\/koike-europe.com\/fr\/wp-json\/wp\/v2\/pages\/18119\/revisions"}],"predecessor-version":[{"id":18515,"href":"https:\/\/koike-europe.com\/fr\/wp-json\/wp\/v2\/pages\/18119\/revisions\/18515"}],"wp:attachment":[{"href":"https:\/\/koike-europe.com\/fr\/wp-json\/wp\/v2\/media?parent=18119"}],"curies":[{"name":"wp","href":"https:\/\/api.w.org\/{rel}","templated":true}]}}